{"id":465,"date":"2024-09-25T15:35:59","date_gmt":"2024-09-25T13:35:59","guid":{"rendered":"https:\/\/oselesouffle.com\/?page_id=465"},"modified":"2024-09-25T15:39:56","modified_gmt":"2024-09-25T13:39:56","slug":"enfant-interieur","status":"publish","type":"page","link":"https:\/\/oselesouffle.com\/index.php\/enfant-interieur\/","title":{"rendered":"Enfant int\u00e9rieur"},"content":{"rendered":"\t\t<div data-elementor-type=\"wp-page\" data-elementor-id=\"465\" class=\"elementor elementor-465\">\n\t\t\t\t<div class=\"elementor-element elementor-element-d101e24 e-flex e-con-boxed e-con e-parent\" data-id=\"d101e24\" data-element_type=\"container\">\n\t\t\t\t\t<div class=\"e-con-inner\">\n\t\t\t\t<div class=\"elementor-element elementor-element-c05aa7a elementor-widget elementor-widget-heading\" data-id=\"c05aa7a\" data-element_type=\"widget\" data-widget_type=\"heading.default\">\n\t\t\t\t<div class=\"elementor-widget-container\">\n\t\t\t<h2 class=\"elementor-heading-title elementor-size-default\">Enfant Int\u00e9rieur<\/h2>\t\t<\/div>\n\t\t\t\t<\/div>\n\t\t\t\t\t<\/div>\n\t\t\t\t<\/div>\n\t\t<div class=\"elementor-element elementor-element-8eae837 e-flex e-con-boxed e-con e-parent\" data-id=\"8eae837\" data-element_type=\"container\">\n\t\t\t\t\t<div class=\"e-con-inner\">\n\t\t<div class=\"elementor-element elementor-element-7fff567 e-con-full e-flex e-con e-child\" data-id=\"7fff567\" data-element_type=\"container\">\n\t\t\t\t<div class=\"elementor-element elementor-element-34dc03f elementor-widget__width-initial elementor-widget elementor-widget-image\" data-id=\"34dc03f\" data-element_type=\"widget\" data-widget_type=\"image.default\">\n\t\t\t\t<div class=\"elementor-widget-container\">\n\t\t\t\t\t\t\t\t\t\t\t\t\t<img fetchpriority=\"high\" decoding=\"async\" width=\"675\" height=\"861\" src=\"https:\/\/oselesouffle.com\/wp-content\/uploads\/2024\/09\/enfant-interieur.png\" class=\"attachment-full size-full wp-image-467\" alt=\"\" srcset=\"https:\/\/oselesouffle.com\/wp-content\/uploads\/2024\/09\/enfant-interieur.png 675w, https:\/\/oselesouffle.com\/wp-content\/uploads\/2024\/09\/enfant-interieur-235x300.png 235w\" sizes=\"(max-width: 675px) 100vw, 675px\" \/>\t\t\t\t\t\t\t\t\t\t\t\t\t<\/div>\n\t\t\t\t<\/div>\n\t\t\t\t<\/div>\n\t\t<div class=\"elementor-element elementor-element-7497b9b e-con-full e-flex e-con e-child\" data-id=\"7497b9b\" data-element_type=\"container\">\n\t\t\t\t<div class=\"elementor-element elementor-element-03a8289 elementor-widget elementor-widget-text-editor\" data-id=\"03a8289\" data-element_type=\"widget\" data-widget_type=\"text-editor.default\">\n\t\t\t\t<div class=\"elementor-widget-container\">\n\t\t\t\t\t\t\t<p style=\"text-align: center;\"><span><span class=\"TextRun SCXW222553774 BCX4\" lang=\"FR-FR\" xml:lang=\"FR-FR\" data-contrast=\"auto\"><span class=\"NormalTextRun SCXW222553774 BCX4\"><span style=\"font-size: 14px;\">\u00ab\u202f<\/span><i style=\"font-size: 14px;\">Car il y a dans l&#8217;adulte un enfant, un enfant\u00a0<\/i><span style=\"font-size: 14.000001px;\"><i>\u00e9ternel toujours en \u00e9tat de devenir, jamais termin\u00e9, qui aurait besoin constamment de soins, d&#8217;attention et d&#8217;\u00e9ducation\u00a0<\/i><\/span><span style=\"font-size: 14px;\">\u00bb<\/span><\/span><\/span><span class=\"EOP SCXW222553774 BCX4\" style=\"font-size: 14px;\" data-ccp-props=\"{&quot;201341983&quot;:0,&quot;335551550&quot;:2,&quot;335551620&quot;:2,&quot;335559685&quot;:720,&quot;335559740&quot;:259}\">\u00a0<\/span> <\/span><br \/><span style=\"font-size: 14px;\">Carl Gustave Jung<\/span><\/p>\t\t\t\t\t\t<\/div>\n\t\t\t\t<\/div>\n\t\t\t\t<div class=\"elementor-element elementor-element-d62c47c elementor-widget__width-initial elementor-widget elementor-widget-text-editor\" data-id=\"d62c47c\" data-element_type=\"widget\" data-widget_type=\"text-editor.default\">\n\t\t\t\t<div class=\"elementor-widget-container\">\n\t\t\t\t\t\t\t<p style=\"font-weight: 400;\"><span style=\"color: #000000; font-size: 14px;\">Cette citation de Jung r\u00e9sume en elle-seule tout l\u2019incroyable voyage que repr\u00e9sente le travail d\u2019int\u00e9gration de l\u2019enfant int\u00e9rieur qui vit en nous. Une part de nous toujours en mouvement cr\u00e9atif, qui attend bien souvent d\u2019\u00eatre reconnu et choy\u00e9e.<\/span><\/p><p style=\"font-weight: 400;\">\u00a0<\/p><p style=\"font-weight: 400;\"><span style=\"color: #000000; font-size: 14px;\">Vous \u00eates bien plus grand, bien plus vaste, bien plus profond que vous le soup\u00e7onnez. Vous n\u2019\u00eates pas la personnalit\u00e9 que vous vous \u00eates cr\u00e9\u00e9, vous avez mis en place des strat\u00e9gies pour r\u00e9sister, pour vous prot\u00e9ger au fur et \u00e0 mesure de vos v\u00e9cus difficiles voir traumatiques.<\/span><\/p><p style=\"font-weight: 400;\">\u00a0<\/p><p style=\"font-weight: 400;\"><span style=\"color: #000000; font-size: 14px;\">Cette pratique de l\u2019enfant int\u00e9rieur est un mouvement de retour \u00e0 votre essentiel, \u00e0 votre \u00catre profond. Des cl\u00e9s pour pouvoir vous lib\u00e9rer des blessures \u00e9motionnelles. C\u2019est un juste regard sur l\u2019enfant, qui peut \u00eatre un peu endormi, un peu en sommeil et qui demande \u00e0 se r\u00e9veiller, \u00e0 s\u2019\u00e9veiller au monde et \u00e0 s\u2019\u00e9merveiller.<\/span><\/p><p style=\"font-weight: 400;\"><span style=\"color: #000000; font-size: 14px;\">C\u2019est prendre soin de votre enfant int\u00e9rieur en faisant appel \u00e0 votre parent bienveillant int\u00e9rieur pour l\u2019accompagner dans ses besoins fondamentaux et ses d\u00e9sirs libres et fougueux.<\/span><\/p>\t\t\t\t\t\t<\/div>\n\t\t\t\t<\/div>\n\t\t\t\t<\/div>\n\t\t\t\t\t<\/div>\n\t\t\t\t<\/div>\n\t\t\t\t<\/div>\n\t\t","protected":false},"excerpt":{"rendered":"<p>Enfant Int\u00e9rieur \u00ab\u202fCar il y a dans l&#8217;adulte un enfant, un enfant\u00a0\u00e9ternel toujours en \u00e9tat de devenir, jamais termin\u00e9, qui [&hellip;]<\/p>\n","protected":false},"author":1,"featured_media":0,"parent":0,"menu_order":0,"comment_status":"closed","ping_status":"closed","template":"","meta":{"site-sidebar-layout":"no-sidebar","site-content-layout":"","ast-site-content-layout":"full-width-container","site-content-style":"default","site-sidebar-style":"default","ast-global-header-display":"","ast-banner-title-visibility":"","ast-main-header-display":"","ast-hfb-above-header-display":"","ast-hfb-below-header-display":"","ast-hfb-mobile-header-display":"","site-post-title":"disabled","ast-breadcrumbs-content":"","ast-featured-img":"disabled","footer-sml-layout":"","theme-transparent-header-meta":"","adv-header-id-meta":"","stick-header-meta":"","header-above-stick-meta":"","header-main-stick-meta":"","header-below-stick-meta":"","astra-migrate-meta-layouts":"default","ast-page-background-enabled":"default","ast-page-background-meta":{"desktop":{"background-color":"var(--ast-global-color-4)","background-image":"","background-repeat":"repeat","background-position":"center center","background-size":"auto","background-attachment":"scroll","background-type":"","background-media":"","overlay-type":"","overlay-color":"","overlay-opacity":"","overlay-gradient":""},"tablet":{"background-color":"","background-image":"","background-repeat":"repeat","background-position":"center center","background-size":"auto","background-attachment":"scroll","background-type":"","background-media":"","overlay-type":"","overlay-color":"","overlay-opacity":"","overlay-gradient":""},"mobile":{"background-color":"","background-image":"","background-repeat":"repeat","background-position":"center center","background-size":"auto","background-attachment":"scroll","background-type":"","background-media":"","overlay-type":"","overlay-color":"","overlay-opacity":"","overlay-gradient":""}},"ast-content-background-meta":{"desktop":{"background-color":"var(--ast-global-color-5)","background-image":"","background-repeat":"repeat","background-position":"center center","background-size":"auto","background-attachment":"scroll","background-type":"","background-media":"","overlay-type":"","overlay-color":"","overlay-opacity":"","overlay-gradient":""},"tablet":{"background-color":"var(--ast-global-color-5)","background-image":"","background-repeat":"repeat","background-position":"center center","background-size":"auto","background-attachment":"scroll","background-type":"","background-media":"","overlay-type":"","overlay-color":"","overlay-opacity":"","overlay-gradient":""},"mobile":{"background-color":"var(--ast-global-color-5)","background-image":"","background-repeat":"repeat","background-position":"center center","background-size":"auto","background-attachment":"scroll","background-type":"","background-media":"","overlay-type":"","overlay-color":"","overlay-opacity":"","overlay-gradient":""}},"footnotes":""},"class_list":["post-465","page","type-page","status-publish","hentry"],"_links":{"self":[{"href":"https:\/\/oselesouffle.com\/index.php\/wp-json\/wp\/v2\/pages\/465","targetHints":{"allow":["GET"]}}],"collection":[{"href":"https:\/\/oselesouffle.com\/index.php\/wp-json\/wp\/v2\/pages"}],"about":[{"href":"https:\/\/oselesouffle.com\/index.php\/wp-json\/wp\/v2\/types\/page"}],"author":[{"embeddable":true,"href":"https:\/\/oselesouffle.com\/index.php\/wp-json\/wp\/v2\/users\/1"}],"replies":[{"embeddable":true,"href":"https:\/\/oselesouffle.com\/index.php\/wp-json\/wp\/v2\/comments?post=465"}],"version-history":[{"count":4,"href":"https:\/\/oselesouffle.com\/index.php\/wp-json\/wp\/v2\/pages\/465\/revisions"}],"predecessor-version":[{"id":470,"href":"https:\/\/oselesouffle.com\/index.php\/wp-json\/wp\/v2\/pages\/465\/revisions\/470"}],"wp:attachment":[{"href":"https:\/\/oselesouffle.com\/index.php\/wp-json\/wp\/v2\/media?parent=465"}],"curies":[{"name":"wp","href":"https:\/\/api.w.org\/{rel}","templated":true}]}}