{"id":449,"date":"2024-09-25T15:23:28","date_gmt":"2024-09-25T13:23:28","guid":{"rendered":"https:\/\/oselesouffle.com\/?page_id=449"},"modified":"2024-09-25T15:27:39","modified_gmt":"2024-09-25T13:27:39","slug":"genosociogramme","status":"publish","type":"page","link":"https:\/\/oselesouffle.com\/index.php\/genosociogramme\/","title":{"rendered":"G\u00e9nosociogramme"},"content":{"rendered":"\t\t<div data-elementor-type=\"wp-page\" data-elementor-id=\"449\" class=\"elementor elementor-449\">\n\t\t\t\t<div class=\"elementor-element elementor-element-d101e24 e-flex e-con-boxed e-con e-parent\" data-id=\"d101e24\" data-element_type=\"container\">\n\t\t\t\t\t<div class=\"e-con-inner\">\n\t\t\t\t<div class=\"elementor-element elementor-element-c05aa7a elementor-widget elementor-widget-heading\" data-id=\"c05aa7a\" data-element_type=\"widget\" data-widget_type=\"heading.default\">\n\t\t\t\t<div class=\"elementor-widget-container\">\n\t\t\t<h2 class=\"elementor-heading-title elementor-size-default\">G\u00e9nosociogramme<\/h2>\t\t<\/div>\n\t\t\t\t<\/div>\n\t\t\t\t\t<\/div>\n\t\t\t\t<\/div>\n\t\t<div class=\"elementor-element elementor-element-8eae837 e-flex e-con-boxed e-con e-parent\" data-id=\"8eae837\" data-element_type=\"container\">\n\t\t\t\t\t<div class=\"e-con-inner\">\n\t\t<div class=\"elementor-element elementor-element-7fff567 e-con-full e-flex e-con e-child\" data-id=\"7fff567\" data-element_type=\"container\">\n\t\t\t\t<div class=\"elementor-element elementor-element-34dc03f elementor-widget__width-initial elementor-widget elementor-widget-image\" data-id=\"34dc03f\" data-element_type=\"widget\" data-widget_type=\"image.default\">\n\t\t\t\t<div class=\"elementor-widget-container\">\n\t\t\t\t\t\t\t\t\t\t\t\t\t<img fetchpriority=\"high\" decoding=\"async\" width=\"635\" height=\"793\" src=\"https:\/\/oselesouffle.com\/wp-content\/uploads\/2024\/09\/Genosociogramme.png\" class=\"attachment-full size-full wp-image-451\" alt=\"\" srcset=\"https:\/\/oselesouffle.com\/wp-content\/uploads\/2024\/09\/Genosociogramme.png 635w, https:\/\/oselesouffle.com\/wp-content\/uploads\/2024\/09\/Genosociogramme-240x300.png 240w\" sizes=\"(max-width: 635px) 100vw, 635px\" \/>\t\t\t\t\t\t\t\t\t\t\t\t\t<\/div>\n\t\t\t\t<\/div>\n\t\t\t\t<\/div>\n\t\t<div class=\"elementor-element elementor-element-7497b9b e-con-full e-flex e-con e-child\" data-id=\"7497b9b\" data-element_type=\"container\">\n\t\t\t\t<div class=\"elementor-element elementor-element-03a8289 elementor-widget elementor-widget-text-editor\" data-id=\"03a8289\" data-element_type=\"widget\" data-widget_type=\"text-editor.default\">\n\t\t\t\t<div class=\"elementor-widget-container\">\n\t\t\t\t\t\t\t<p style=\"text-align: center;\"><span style=\"font-size: 14px;\"><span class=\"TextRun SCXW222553774 BCX4\" lang=\"FR-FR\" xml:lang=\"FR-FR\" data-contrast=\"auto\"><span class=\"NormalTextRun SCXW222553774 BCX4\">\u00ab\u202f<em>Si un traumatisme peut \u00eatre transmis de g\u00e9n\u00e9ration en g\u00e9n\u00e9ration,<br \/>il en va de m\u00eame pour votre gu\u00e9rison<\/em>\u202f\u00bb<\/span><\/span><span class=\"EOP SCXW222553774 BCX4\" data-ccp-props=\"{&quot;201341983&quot;:0,&quot;335551550&quot;:2,&quot;335551620&quot;:2,&quot;335559685&quot;:720,&quot;335559740&quot;:259}\">\u00a0<\/span> <\/span><br \/><span style=\"font-size: 14px;\">Source inconnue<\/span><\/p>\t\t\t\t\t\t<\/div>\n\t\t\t\t<\/div>\n\t\t\t\t<div class=\"elementor-element elementor-element-d62c47c elementor-widget__width-initial elementor-widget elementor-widget-text-editor\" data-id=\"d62c47c\" data-element_type=\"widget\" data-widget_type=\"text-editor.default\">\n\t\t\t\t<div class=\"elementor-widget-container\">\n\t\t\t\t\t\t\t<p style=\"font-weight: 400;\"><span style=\"color: #000000; font-size: 14px;\">Ce mot peut para\u00eetre un peu compliqu\u00e9\u2026 et pourtant si simple\u2026 c\u2019est notre histoire, nos racines.<\/span><\/p><p style=\"font-weight: 400;\"><span style=\"color: #000000; font-size: 14px;\">C\u2019est le lien qui nous unit \u00e0 nos anc\u00eatres, \u00e0 nos p\u00e8res, m\u00e8res, grands-parents, arri\u00e8res grands-parents et tous ceux avant eux.<\/span><\/p><p style=\"font-weight: 400;\"><span style=\"color: #000000; font-size: 14px;\">Notre propre pass\u00e9 r\u00e9sonne avec l\u2019histoire de notre famille, ses c\u00f4t\u00e9s sombres et ses c\u00f4t\u00e9s lumineux.<\/span><\/p><p style=\"font-weight: 400;\"><span style=\"color: #000000; font-size: 14px;\">Avez-vous remarqu\u00e9 les histoires qui se reproduisent\u00a0?<\/span><\/p><p style=\"font-weight: 400;\"><span style=\"color: #000000; font-size: 14px;\">Peut-\u00eatre pouvez-vous observer que votre fr\u00e8re reproduit la m\u00eame histoire que votre p\u00e8re\u00a0?<\/span><\/p><p style=\"font-weight: 400;\"><span style=\"color: #000000; font-size: 14px;\">Peut-\u00eatre constatez-vous que vous passez par les m\u00eames \u00e9preuves que votre grand-m\u00e8re\u00a0?<\/span><\/p><p style=\"font-weight: 400;\"><span style=\"color: #000000; font-size: 14px;\">Peut-\u00eatre plus simplement, pouvez-vous percevoir que vos amis d\u2019enfance dupliquent inconsciemment les sch\u00e9mas comportementaux de leurs parents, qu\u2019ils rencontrent les m\u00eames \u00e9cueils aux m\u00eames \u00e2ges\u00a0?<\/span><\/p><p style=\"font-weight: 400;\"><span style=\"color: #000000; font-size: 14px;\">Ce sont des m\u00e9canismes instinctifs inscrits dans nos g\u00eanes, dans notre ADN, que nous reproduisons et transmettons inconsciemment \u00e0 nos enfants.<\/span><\/p>\t\t\t\t\t\t<\/div>\n\t\t\t\t<\/div>\n\t\t\t\t<\/div>\n\t\t\t\t\t<\/div>\n\t\t\t\t<\/div>\n\t\t<div class=\"elementor-element elementor-element-05a054c e-flex e-con-boxed e-con e-parent\" data-id=\"05a054c\" data-element_type=\"container\">\n\t\t\t\t\t<div class=\"e-con-inner\">\n\t\t\t\t<div class=\"elementor-element elementor-element-1a32ed0 elementor-widget__width-initial elementor-widget elementor-widget-text-editor\" data-id=\"1a32ed0\" data-element_type=\"widget\" data-widget_type=\"text-editor.default\">\n\t\t\t\t<div class=\"elementor-widget-container\">\n\t\t\t\t\t\t\t<p style=\"font-weight: 400;\"><span style=\"color: #000000; font-size: 14px;\">Avec objectivit\u00e9, tendresse, accueil, il est possible de gu\u00e9rir les liens du pass\u00e9, d\u2019\u00e9purer les automatismes transg\u00e9n\u00e9rationnels, de couper les cycles pernicieux, en apportant de la conscience bienveillante et en r\u00e9parant notre g\u00e9nosociogramme. Il s\u2019agit \u00e9galement d\u2019observer, de reconnaitre et d\u2019int\u00e9grer toutes les forces positives dont nos a\u00efeuls \u00e9taient munis. Porter un regard objectif sur notre histoire familiale est souvent r\u00e9v\u00e9lateur, cela peut passer par des \u00e9tapes de prises de conscience pas toujours simples mais qui au bout sont salvatrices.<\/span><\/p><p style=\"font-weight: 400;\"><span style=\"color: #000000; font-size: 14px;\">La magie de ce travail de fond est qu\u2019elle agit sur tout l\u2019arbre g\u00e9n\u00e9alogique, les d\u00e9funts comme les vivants, vos enfants et tous ceux qui viendront apr\u00e8s pourront \u00eatre lib\u00e9r\u00e9s des fardeaux sur lesquels vous aurez apport\u00e9 de la lumi\u00e8re.<\/span><\/p>\t\t\t\t\t\t<\/div>\n\t\t\t\t<\/div>\n\t\t\t\t\t<\/div>\n\t\t\t\t<\/div>\n\t\t\t\t<\/div>\n\t\t","protected":false},"excerpt":{"rendered":"<p>G\u00e9nosociogramme \u00ab\u202fSi un traumatisme peut \u00eatre transmis de g\u00e9n\u00e9ration en g\u00e9n\u00e9ration,il en va de m\u00eame pour votre gu\u00e9rison\u202f\u00bb\u00a0 Source inconnue [&hellip;]<\/p>\n","protected":false},"author":1,"featured_media":0,"parent":0,"menu_order":0,"comment_status":"closed","ping_status":"closed","template":"","meta":{"site-sidebar-layout":"no-sidebar","site-content-layout":"","ast-site-content-layout":"full-width-container","site-content-style":"default","site-sidebar-style":"default","ast-global-header-display":"","ast-banner-title-visibility":"","ast-main-header-display":"","ast-hfb-above-header-display":"","ast-hfb-below-header-display":"","ast-hfb-mobile-header-display":"","site-post-title":"disabled","ast-breadcrumbs-content":"","ast-featured-img":"disabled","footer-sml-layout":"","theme-transparent-header-meta":"","adv-header-id-meta":"","stick-header-meta":"","header-above-stick-meta":"","header-main-stick-meta":"","header-below-stick-meta":"","astra-migrate-meta-layouts":"default","ast-page-background-enabled":"default","ast-page-background-meta":{"desktop":{"background-color":"var(--ast-global-color-4)","background-image":"","background-repeat":"repeat","background-position":"center center","background-size":"auto","background-attachment":"scroll","background-type":"","background-media":"","overlay-type":"","overlay-color":"","overlay-opacity":"","overlay-gradient":""},"tablet":{"background-color":"","background-image":"","background-repeat":"repeat","background-position":"center center","background-size":"auto","background-attachment":"scroll","background-type":"","background-media":"","overlay-type":"","overlay-color":"","overlay-opacity":"","overlay-gradient":""},"mobile":{"background-color":"","background-image":"","background-repeat":"repeat","background-position":"center center","background-size":"auto","background-attachment":"scroll","background-type":"","background-media":"","overlay-type":"","overlay-color":"","overlay-opacity":"","overlay-gradient":""}},"ast-content-background-meta":{"desktop":{"background-color":"var(--ast-global-color-5)","background-image":"","background-repeat":"repeat","background-position":"center center","background-size":"auto","background-attachment":"scroll","background-type":"","background-media":"","overlay-type":"","overlay-color":"","overlay-opacity":"","overlay-gradient":""},"tablet":{"background-color":"var(--ast-global-color-5)","background-image":"","background-repeat":"repeat","background-position":"center center","background-size":"auto","background-attachment":"scroll","background-type":"","background-media":"","overlay-type":"","overlay-color":"","overlay-opacity":"","overlay-gradient":""},"mobile":{"background-color":"var(--ast-global-color-5)","background-image":"","background-repeat":"repeat","background-position":"center center","background-size":"auto","background-attachment":"scroll","background-type":"","background-media":"","overlay-type":"","overlay-color":"","overlay-opacity":"","overlay-gradient":""}},"footnotes":""},"class_list":["post-449","page","type-page","status-publish","hentry"],"_links":{"self":[{"href":"https:\/\/oselesouffle.com\/index.php\/wp-json\/wp\/v2\/pages\/449","targetHints":{"allow":["GET"]}}],"collection":[{"href":"https:\/\/oselesouffle.com\/index.php\/wp-json\/wp\/v2\/pages"}],"about":[{"href":"https:\/\/oselesouffle.com\/index.php\/wp-json\/wp\/v2\/types\/page"}],"author":[{"embeddable":true,"href":"https:\/\/oselesouffle.com\/index.php\/wp-json\/wp\/v2\/users\/1"}],"replies":[{"embeddable":true,"href":"https:\/\/oselesouffle.com\/index.php\/wp-json\/wp\/v2\/comments?post=449"}],"version-history":[{"count":4,"href":"https:\/\/oselesouffle.com\/index.php\/wp-json\/wp\/v2\/pages\/449\/revisions"}],"predecessor-version":[{"id":454,"href":"https:\/\/oselesouffle.com\/index.php\/wp-json\/wp\/v2\/pages\/449\/revisions\/454"}],"wp:attachment":[{"href":"https:\/\/oselesouffle.com\/index.php\/wp-json\/wp\/v2\/media?parent=449"}],"curies":[{"name":"wp","href":"https:\/\/api.w.org\/{rel}","templated":true}]}}