{"id":442,"date":"2024-09-25T14:42:21","date_gmt":"2024-09-25T12:42:21","guid":{"rendered":"https:\/\/oselesouffle.com\/?page_id=442"},"modified":"2024-09-25T15:31:52","modified_gmt":"2024-09-25T13:31:52","slug":"breathwork","status":"publish","type":"page","link":"https:\/\/oselesouffle.com\/index.php\/breathwork\/","title":{"rendered":"Breathwork"},"content":{"rendered":"\t\t<div data-elementor-type=\"wp-page\" data-elementor-id=\"442\" class=\"elementor elementor-442\">\n\t\t\t\t<div class=\"elementor-element elementor-element-d101e24 e-flex e-con-boxed e-con e-parent\" data-id=\"d101e24\" data-element_type=\"container\">\n\t\t\t\t\t<div class=\"e-con-inner\">\n\t\t\t\t<div class=\"elementor-element elementor-element-c05aa7a elementor-widget elementor-widget-heading\" data-id=\"c05aa7a\" data-element_type=\"widget\" data-widget_type=\"heading.default\">\n\t\t\t\t<div class=\"elementor-widget-container\">\n\t\t\t<h2 class=\"elementor-heading-title elementor-size-default\">Breathwork<\/h2>\t\t<\/div>\n\t\t\t\t<\/div>\n\t\t\t\t\t<\/div>\n\t\t\t\t<\/div>\n\t\t<div class=\"elementor-element elementor-element-8eae837 e-flex e-con-boxed e-con e-parent\" data-id=\"8eae837\" data-element_type=\"container\">\n\t\t\t\t\t<div class=\"e-con-inner\">\n\t\t<div class=\"elementor-element elementor-element-7fff567 e-con-full e-flex e-con e-child\" data-id=\"7fff567\" data-element_type=\"container\">\n\t\t\t\t<div class=\"elementor-element elementor-element-34dc03f elementor-widget__width-initial elementor-widget elementor-widget-image\" data-id=\"34dc03f\" data-element_type=\"widget\" data-widget_type=\"image.default\">\n\t\t\t\t<div class=\"elementor-widget-container\">\n\t\t\t\t\t\t\t\t\t\t\t\t\t<img fetchpriority=\"high\" decoding=\"async\" width=\"566\" height=\"704\" src=\"https:\/\/oselesouffle.com\/wp-content\/uploads\/2024\/09\/brethworl.png\" class=\"attachment-full size-full wp-image-444\" alt=\"\" srcset=\"https:\/\/oselesouffle.com\/wp-content\/uploads\/2024\/09\/brethworl.png 566w, https:\/\/oselesouffle.com\/wp-content\/uploads\/2024\/09\/brethworl-241x300.png 241w\" sizes=\"(max-width: 566px) 100vw, 566px\" \/>\t\t\t\t\t\t\t\t\t\t\t\t\t<\/div>\n\t\t\t\t<\/div>\n\t\t\t\t<div class=\"elementor-element elementor-element-24f23f8 elementor-widget elementor-widget-text-editor\" data-id=\"24f23f8\" data-element_type=\"widget\" data-widget_type=\"text-editor.default\">\n\t\t\t\t<div class=\"elementor-widget-container\">\n\t\t\t\t\t\t\t<p style=\"text-align: center;\"><span style=\"font-size: 14px; color: #000000;\"><span class=\"TextRun SCXW222553774 BCX4\" lang=\"FR-FR\" xml:lang=\"FR-FR\" data-contrast=\"auto\"><span class=\"NormalTextRun SCXW222553774 BCX4\"><em><strong>Le travail du Souffle<\/strong><br \/>Rebirth, Respiration Conscience Connect\u00e9e, Respiration Holotropique, Respiration Sacr\u00e9e<\/em>\u202f\u00bb<\/span><\/span><\/span><\/p>\t\t\t\t\t\t<\/div>\n\t\t\t\t<\/div>\n\t\t\t\t<\/div>\n\t\t<div class=\"elementor-element elementor-element-7497b9b e-con-full e-flex e-con e-child\" data-id=\"7497b9b\" data-element_type=\"container\">\n\t\t\t\t<div class=\"elementor-element elementor-element-fc9fc85 elementor-widget elementor-widget-text-editor\" data-id=\"fc9fc85\" data-element_type=\"widget\" data-widget_type=\"text-editor.default\">\n\t\t\t\t<div class=\"elementor-widget-container\">\n\t\t\t\t\t\t\t<p style=\"text-align: center;\"><span style=\"font-size: 14px;\"><span class=\"TextRun SCXW222553774 BCX4\" lang=\"FR-FR\" xml:lang=\"FR-FR\" data-contrast=\"auto\"><span class=\"NormalTextRun SCXW222553774 BCX4\">\u00ab\u202f<i>Nul ne peut atteindre l&#8217;aube sans passer par le chemin de la nuit<\/i>\u202f\u00bb<\/span><\/span><span class=\"EOP SCXW222553774 BCX4\" data-ccp-props=\"{&quot;201341983&quot;:0,&quot;335551550&quot;:2,&quot;335551620&quot;:2,&quot;335559685&quot;:720,&quot;335559740&quot;:259}\">\u00a0<\/span> <\/span><br \/><span style=\"font-size: 14px;\">Khalil Gibran<\/span><\/p>\t\t\t\t\t\t<\/div>\n\t\t\t\t<\/div>\n\t\t\t\t<div class=\"elementor-element elementor-element-d62c47c elementor-widget__width-initial elementor-widget elementor-widget-text-editor\" data-id=\"d62c47c\" data-element_type=\"widget\" data-widget_type=\"text-editor.default\">\n\t\t\t\t<div class=\"elementor-widget-container\">\n\t\t\t\t\t\t\t<p style=\"font-weight: 400;\"><span style=\"color: #000000; font-size: 14px;\">Inspirez, Expirez\u2026 Soufflez\u2026 AAAHHHHH\u2026. HHHAAAHHH\u2026<\/span><\/p><p style=\"font-weight: 400;\"><span style=\"color: #000000; font-size: 14px;\">Le premier souffle\u2026 le dernier souffle\u2026 entre les deux des respirations le plus souvent m\u00e9caniques et inconscientes.<\/span><\/p><p style=\"font-weight: 400;\"><span style=\"color: #000000; font-size: 14px;\">La d\u00e9finition du mot Souffle en latin\u00a0: Spiritus qui signifie l\u2019Esprit, le principe de vie, le souffle vital.<\/span><\/p><p style=\"font-weight: 400;\"><span style=\"color: #000000; font-size: 14px;\">Se laisser enseigner par le souffle de vie, \u00eatre anim\u00e9 par le souffle cr\u00e9ateur.<\/span><\/p><p style=\"font-weight: 400;\"><span style=\"color: #000000; font-size: 14px;\">Quel est ce myst\u00e8re port\u00e9 par le souffle ?<\/span><\/p><p style=\"font-weight: 400;\"><span style=\"color: #000000; font-size: 14px;\">Le souffle vu comme une porte, comme un vortex, le souffle qui emporte le respirant vers des contr\u00e9es lointaines, tr\u00e8s lointaines, des contr\u00e9es proches, tr\u00e8s proches, tellement proches que l\u2019on peut toucher l\u2019essence m\u00eame de l\u2019existence dans notre vision personnelle.<\/span><\/p><p style=\"font-weight: 400;\"><span style=\"color: #000000; font-size: 14px;\">Serait-ce une plong\u00e9e au c\u0153ur du corps guid\u00e9 par le souffle, le corps notre monde.<\/span><\/p><p style=\"font-weight: 400;\"><span style=\"color: #000000; font-size: 14px;\">C\u2019est la renaissance par le souffle qui d\u00e9noue des blocages corporels et revitalise l\u2019organisme. C\u2019est l\u2019acc\u00e8s direct \u00e0 l\u2019inconscient qui ouvre la voie sur la compr\u00e9hension profonde des sch\u00e9mas d\u2019\u00e9checs r\u00e9p\u00e9titifs. C\u2019est la conscience qui s\u2019\u00e9veille sur les comportements r\u00e9flexes et automatiques, insoup\u00e7onn\u00e9s parfois, dans la vie quotidienne. Ces comportements qui limitent l\u2019acc\u00e8s \u00e0 l\u2019\u00e9panouissement.<\/span><\/p>\t\t\t\t\t\t<\/div>\n\t\t\t\t<\/div>\n\t\t\t\t<\/div>\n\t\t\t\t\t<\/div>\n\t\t\t\t<\/div>\n\t\t<div class=\"elementor-element elementor-element-2571605 e-flex e-con-boxed e-con e-parent\" data-id=\"2571605\" data-element_type=\"container\">\n\t\t\t\t\t<div class=\"e-con-inner\">\n\t\t<div class=\"elementor-element elementor-element-28677e7 e-con-full e-flex e-con e-child\" data-id=\"28677e7\" data-element_type=\"container\">\n\t\t\t\t<div class=\"elementor-element elementor-element-baadc19 elementor-widget__width-initial elementor-widget elementor-widget-text-editor\" data-id=\"baadc19\" data-element_type=\"widget\" data-widget_type=\"text-editor.default\">\n\t\t\t\t<div class=\"elementor-widget-container\">\n\t\t\t\t\t\t\t<p style=\"font-weight: 400;\"><span style=\"color: #000000; font-size: 14px;\">Le travail du souffle avec le Rebirth peut permettre de revivre des souvenirs de naissance qui initialement ont laiss\u00e9 des traces \u00e9nerg\u00e9tiques, corporelles et par r\u00e9percussion psychiques. C\u2019est pouvoir se r\u00e9approprier ses pulsions de vie qui ont \u00e9t\u00e9 \u00e9gratign\u00e9es, voir traumatis\u00e9es afin que le corps lib\u00e8re sa m\u00e9moire cellulaire pour acc\u00e9der \u00e0 une transformation en profondeur et durable.<\/span><\/p><p style=\"font-weight: 400;\"><span style=\"color: #000000; font-size: 14px;\">La respiration\u00a0: l\u2019expression m\u00eame de notre vivant, j\u2019inspire j\u2019expire\u2026 quoi de plus simple et naturel\u00a0? Au point m\u00eame que nous n\u2019y portons plus attention dans notre quotidien. Respirer est naturel, pas de respiration, pas de vie. Mais r\u00e9ellement que contient notre respiration\u00a0? Que se passe-t-il entre le moment ou l\u2019air p\u00e9n\u00e8tre et au moment o\u00f9 il ressort\u00a0? Que se passe-t-il entre ces deux moments, entre ces deux mondes, entre ces deux \u00e9lans de vie ?<\/span><\/p>\t\t\t\t\t\t<\/div>\n\t\t\t\t<\/div>\n\t\t\t\t<\/div>\n\t\t\t\t\t<\/div>\n\t\t\t\t<\/div>\n\t\t\t\t<\/div>\n\t\t","protected":false},"excerpt":{"rendered":"<p>Breathwork Le travail du SouffleRebirth, Respiration Conscience Connect\u00e9e, Respiration Holotropique, Respiration Sacr\u00e9e\u202f\u00bb \u00ab\u202fNul ne peut atteindre l&#8217;aube sans passer par [&hellip;]<\/p>\n","protected":false},"author":1,"featured_media":0,"parent":0,"menu_order":0,"comment_status":"closed","ping_status":"closed","template":"","meta":{"site-sidebar-layout":"no-sidebar","site-content-layout":"","ast-site-content-layout":"full-width-container","site-content-style":"default","site-sidebar-style":"default","ast-global-header-display":"","ast-banner-title-visibility":"","ast-main-header-display":"","ast-hfb-above-header-display":"","ast-hfb-below-header-display":"","ast-hfb-mobile-header-display":"","site-post-title":"disabled","ast-breadcrumbs-content":"","ast-featured-img":"disabled","footer-sml-layout":"","theme-transparent-header-meta":"","adv-header-id-meta":"","stick-header-meta":"","header-above-stick-meta":"","header-main-stick-meta":"","header-below-stick-meta":"","astra-migrate-meta-layouts":"default","ast-page-background-enabled":"default","ast-page-background-meta":{"desktop":{"background-color":"var(--ast-global-color-4)","background-image":"","background-repeat":"repeat","background-position":"center center","background-size":"auto","background-attachment":"scroll","background-type":"","background-media":"","overlay-type":"","overlay-color":"","overlay-opacity":"","overlay-gradient":""},"tablet":{"background-color":"","background-image":"","background-repeat":"repeat","background-position":"center center","background-size":"auto","background-attachment":"scroll","background-type":"","background-media":"","overlay-type":"","overlay-color":"","overlay-opacity":"","overlay-gradient":""},"mobile":{"background-color":"","background-image":"","background-repeat":"repeat","background-position":"center center","background-size":"auto","background-attachment":"scroll","background-type":"","background-media":"","overlay-type":"","overlay-color":"","overlay-opacity":"","overlay-gradient":""}},"ast-content-background-meta":{"desktop":{"background-color":"var(--ast-global-color-5)","background-image":"","background-repeat":"repeat","background-position":"center center","background-size":"auto","background-attachment":"scroll","background-type":"","background-media":"","overlay-type":"","overlay-color":"","overlay-opacity":"","overlay-gradient":""},"tablet":{"background-color":"var(--ast-global-color-5)","background-image":"","background-repeat":"repeat","background-position":"center center","background-size":"auto","background-attachment":"scroll","background-type":"","background-media":"","overlay-type":"","overlay-color":"","overlay-opacity":"","overlay-gradient":""},"mobile":{"background-color":"var(--ast-global-color-5)","background-image":"","background-repeat":"repeat","background-position":"center center","background-size":"auto","background-attachment":"scroll","background-type":"","background-media":"","overlay-type":"","overlay-color":"","overlay-opacity":"","overlay-gradient":""}},"footnotes":""},"class_list":["post-442","page","type-page","status-publish","hentry"],"_links":{"self":[{"href":"https:\/\/oselesouffle.com\/index.php\/wp-json\/wp\/v2\/pages\/442","targetHints":{"allow":["GET"]}}],"collection":[{"href":"https:\/\/oselesouffle.com\/index.php\/wp-json\/wp\/v2\/pages"}],"about":[{"href":"https:\/\/oselesouffle.com\/index.php\/wp-json\/wp\/v2\/types\/page"}],"author":[{"embeddable":true,"href":"https:\/\/oselesouffle.com\/index.php\/wp-json\/wp\/v2\/users\/1"}],"replies":[{"embeddable":true,"href":"https:\/\/oselesouffle.com\/index.php\/wp-json\/wp\/v2\/comments?post=442"}],"version-history":[{"count":10,"href":"https:\/\/oselesouffle.com\/index.php\/wp-json\/wp\/v2\/pages\/442\/revisions"}],"predecessor-version":[{"id":461,"href":"https:\/\/oselesouffle.com\/index.php\/wp-json\/wp\/v2\/pages\/442\/revisions\/461"}],"wp:attachment":[{"href":"https:\/\/oselesouffle.com\/index.php\/wp-json\/wp\/v2\/media?parent=442"}],"curies":[{"name":"wp","href":"https:\/\/api.w.org\/{rel}","templated":true}]}}