{"id":339,"date":"2024-09-18T18:02:27","date_gmt":"2024-09-18T16:02:27","guid":{"rendered":"https:\/\/oselesouffle.com\/?page_id=339"},"modified":"2024-09-25T14:23:42","modified_gmt":"2024-09-25T12:23:42","slug":"cabinet","status":"publish","type":"page","link":"https:\/\/oselesouffle.com\/index.php\/cabinet\/","title":{"rendered":"Cabinet"},"content":{"rendered":"\t\t<div data-elementor-type=\"wp-page\" data-elementor-id=\"339\" class=\"elementor elementor-339\">\n\t\t\t\t<div class=\"elementor-element elementor-element-d101e24 e-flex e-con-boxed e-con e-parent\" data-id=\"d101e24\" data-element_type=\"container\">\n\t\t\t\t\t<div class=\"e-con-inner\">\n\t\t\t\t<div class=\"elementor-element elementor-element-c05aa7a elementor-widget elementor-widget-heading\" data-id=\"c05aa7a\" data-element_type=\"widget\" data-widget_type=\"heading.default\">\n\t\t\t\t<div class=\"elementor-widget-container\">\n\t\t\t<h2 class=\"elementor-heading-title elementor-size-default\">Cabinet<\/h2>\t\t<\/div>\n\t\t\t\t<\/div>\n\t\t\t\t\t<\/div>\n\t\t\t\t<\/div>\n\t\t<div class=\"elementor-element elementor-element-8eae837 e-flex e-con-boxed e-con e-parent\" data-id=\"8eae837\" data-element_type=\"container\">\n\t\t\t\t\t<div class=\"e-con-inner\">\n\t\t<div class=\"elementor-element elementor-element-7fff567 e-con-full e-flex e-con e-child\" data-id=\"7fff567\" data-element_type=\"container\">\n\t\t\t\t<div class=\"elementor-element elementor-element-34dc03f elementor-widget__width-initial elementor-widget elementor-widget-image\" data-id=\"34dc03f\" data-element_type=\"widget\" data-widget_type=\"image.default\">\n\t\t\t\t<div class=\"elementor-widget-container\">\n\t\t\t\t\t\t\t\t\t\t\t\t\t<img fetchpriority=\"high\" decoding=\"async\" width=\"2000\" height=\"1500\" src=\"https:\/\/oselesouffle.com\/wp-content\/uploads\/2024\/09\/Cabinet.jpg\" class=\"attachment-full size-full wp-image-341\" alt=\"\" srcset=\"https:\/\/oselesouffle.com\/wp-content\/uploads\/2024\/09\/Cabinet.jpg 2000w, https:\/\/oselesouffle.com\/wp-content\/uploads\/2024\/09\/Cabinet-300x225.jpg 300w, https:\/\/oselesouffle.com\/wp-content\/uploads\/2024\/09\/Cabinet-1024x768.jpg 1024w, https:\/\/oselesouffle.com\/wp-content\/uploads\/2024\/09\/Cabinet-768x576.jpg 768w, https:\/\/oselesouffle.com\/wp-content\/uploads\/2024\/09\/Cabinet-1536x1152.jpg 1536w\" sizes=\"(max-width: 2000px) 100vw, 2000px\" \/>\t\t\t\t\t\t\t\t\t\t\t\t\t<\/div>\n\t\t\t\t<\/div>\n\t\t\t\t<\/div>\n\t\t<div class=\"elementor-element elementor-element-7497b9b e-con-full e-flex e-con e-child\" data-id=\"7497b9b\" data-element_type=\"container\">\n\t\t\t\t<div class=\"elementor-element elementor-element-d62c47c elementor-widget__width-initial elementor-widget elementor-widget-text-editor\" data-id=\"d62c47c\" data-element_type=\"widget\" data-widget_type=\"text-editor.default\">\n\t\t\t\t<div class=\"elementor-widget-container\">\n\t\t\t\t\t\t\t<p style=\"font-weight: 400;\"><span style=\"color: #000000;\">Je vous re\u00e7ois tous les jours du lundi au vendredi de 8h30 \u00e0 20h et le samedi de 9h \u00e0 17h <strong>exclusivement sur RDV<\/strong> au Cabinet, \u00e0 votre domicile ou sur votre lieu de travail.<\/span><\/p><p style=\"font-weight: 400;\"><span style=\"color: #000000;\">Je vous accompagne \u00e9galement \u00e0 distance\u00a0: par t\u00e9l\u00e9phone ou visio\u00a0<\/span><\/p><p style=\"font-weight: 400;\"><span style=\"color: #000000;\"><strong>Individuels<\/strong><br \/>Adulte \/ Enfant \/ Adolescent\u00a0\/ B\u00e9b\u00e9 \/ Grossesse<\/span><\/p><p style=\"font-weight: 400;\"><span style=\"color: #000000;\"><strong>Groupes<\/strong><br \/>Entreprise \/ Administration \/ Association<\/span><\/p>\t\t\t\t\t\t<\/div>\n\t\t\t\t<\/div>\n\t\t\t\t<\/div>\n\t\t\t\t\t<\/div>\n\t\t\t\t<\/div>\n\t\t<div class=\"elementor-element elementor-element-5895dac e-flex e-con-boxed e-con e-parent\" data-id=\"5895dac\" data-element_type=\"container\">\n\t\t\t\t\t<div class=\"e-con-inner\">\n\t\t\t\t<div class=\"elementor-element elementor-element-bc6d516 elementor-widget elementor-widget-text-editor\" data-id=\"bc6d516\" data-element_type=\"widget\" data-widget_type=\"text-editor.default\">\n\t\t\t\t<div class=\"elementor-widget-container\">\n\t\t\t\t\t\t\t<p style=\"font-weight: 400; text-align: center;\"><strong><span style=\"color: #000000;\">Contactez-moi pour un devis personnalis\u00e9<\/span><\/strong><br \/><strong><span style=\"color: #000000;\">06 33 17 71 86 ou sofiaboitel.ols@gmail.com<\/span><\/strong><\/p><p style=\"font-weight: 400;\"><span style=\"color: #000000;\">J\u2019utilise les huiles Altearah pour le soin de votre peau et de vos \u00e9motions, je suis \u00e9galement revendeur officiel de leurs produits.<\/span><\/p>\t\t\t\t\t\t<\/div>\n\t\t\t\t<\/div>\n\t\t\t\t<div class=\"elementor-element elementor-element-821d871 elementor-widget elementor-widget-image\" data-id=\"821d871\" data-element_type=\"widget\" data-widget_type=\"image.default\">\n\t\t\t\t<div class=\"elementor-widget-container\">\n\t\t\t\t\t\t\t\t\t\t\t\t\t\t<a href=\"https:\/\/www.altearah.com\/fr\/content\/100-trouver-un-professionnel\" target=\"_blank\">\n\t\t\t\t\t\t\t<img decoding=\"async\" src=\"https:\/\/oselesouffle.com\/wp-content\/uploads\/elementor\/thumbs\/logo-altearah-quaptc71fyr281cy3utikfgwrsjqmbmvke7dwuk60q.png\" title=\"logo-altearah\" alt=\"\" loading=\"lazy\" \/>\t\t\t\t\t\t\t\t<\/a>\n\t\t\t\t\t\t\t\t\t\t\t\t\t<\/div>\n\t\t\t\t<\/div>\n\t\t\t\t\t<\/div>\n\t\t\t\t<\/div>\n\t\t<div class=\"elementor-element elementor-element-a011e21 e-flex e-con-boxed e-con e-parent\" data-id=\"a011e21\" data-element_type=\"container\">\n\t\t\t\t\t<div class=\"e-con-inner\">\n\t\t\t\t<div class=\"elementor-element elementor-element-e3665d1 elementor-widget__width-initial elementor-widget elementor-widget-text-editor\" data-id=\"e3665d1\" data-element_type=\"widget\" data-widget_type=\"text-editor.default\">\n\t\t\t\t<div class=\"elementor-widget-container\">\n\t\t\t\t\t\t\t<p style=\"font-weight: 400; text-align: center;\"><span style=\"font-size: 20px;\"><strong><span style=\"color: #000000;\">Cadre de Travail<\/span><\/strong><\/span><\/p><p style=\"font-weight: 400;\"><span style=\"color: #000000; font-size: 14px;\">Lors de notre premier rendez-vous, nous axerons notre temps d\u2019\u00e9change principalement sur le dialogue afin de faire connaissance et de vous permettre de d\u00e9finir vos besoins, ainsi que nous permettre de r\u00e9pondre \u00e0 nos questions mutuelles. Tranquillement, et selon vos partages, nous pourrons d\u00e9finir le type d\u2019accompagnement. Nous parlerons \u00e9galement de la confidentialit\u00e9, de mon code d\u00e9ontologique, de la fr\u00e9quence des s\u00e9ances, de la dur\u00e9e d\u2019une cure en g\u00e9n\u00e9ral et de la cl\u00f4ture qui est un \u00e9l\u00e9ment essentiel \u00e0 tout engagement de partenariat.<\/span><\/p><p style=\"font-weight: 400;\"><span style=\"color: #000000; font-size: 14px;\">Tout rendez-vous non d\u00e9command\u00e9 48 heures \u00e0 l\u2019avance, sauf cas de force majeure, sera factur\u00e9.<\/span><\/p><p style=\"font-weight: 400;\"><span style=\"color: #000000; font-size: 14px;\">Vous vous en doutez, pourtant je souhaite n\u00e9anmoins approfondir un point important. <strong>Le travail psychocorporel que je propose int\u00e8gre les massages, et en ce sens, toutes mes pratiques reposent sur un code d\u00e9ontologique et une \u00e9tique rigoureuse qui ne laisse la place \u00e0 aucune ambig\u00fcit\u00e9 et aucun passage \u00e0 l\u2019acte d\u2019ordre sexuel et\/ou compromettant.<\/strong><\/span><\/p>\t\t\t\t\t\t<\/div>\n\t\t\t\t<\/div>\n\t\t\t\t<div class=\"elementor-element elementor-element-d71a30d elementor-widget__width-initial elementor-widget elementor-widget-text-editor\" data-id=\"d71a30d\" data-element_type=\"widget\" data-widget_type=\"text-editor.default\">\n\t\t\t\t<div class=\"elementor-widget-container\">\n\t\t\t\t\t\t\t<p style=\"font-weight: 400;\"><span style=\"font-size: 12px;\"><em><span style=\"color: #000000;\"><strong>Pour information\u00a0:<\/strong><br \/>La sophrologie, les th\u00e9rapies psychocorporelles, les massages ne se substituent pas \u00e0 un traitement m\u00e9dical. Cependant, dans certaines pathologies ces m\u00e9thodes peuvent s\u2019av\u00e9rer utiles et venir en compl\u00e9ment, demandez conseil \u00e0 votre m\u00e9decin.<br \/>Bon \u00e0 savoir, de plus en plus de mutuelles remboursent partiellement ou en totalit\u00e9 un nombre d\u00e9fini de s\u00e9ances de sophrologie, souvent \u00e0 condition que le sophrologue soit titr\u00e9 RNCP, renseignez-vous aupr\u00e8s de votre mutuelle. A ce titre, chaque s\u00e9ance fait l\u2019objet d\u2019une note d\u2019honoraire.<\/span><\/em><\/span><\/p>\t\t\t\t\t\t<\/div>\n\t\t\t\t<\/div>\n\t\t\t\t\t<\/div>\n\t\t\t\t<\/div>\n\t\t\t\t<\/div>\n\t\t","protected":false},"excerpt":{"rendered":"<p>Cabinet Je vous re\u00e7ois tous les jours du lundi au vendredi de 8h30 \u00e0 20h et le samedi de 9h [&hellip;]<\/p>\n","protected":false},"author":1,"featured_media":0,"parent":0,"menu_order":0,"comment_status":"closed","ping_status":"closed","template":"","meta":{"site-sidebar-layout":"no-sidebar","site-content-layout":"","ast-site-content-layout":"full-width-container","site-content-style":"default","site-sidebar-style":"default","ast-global-header-display":"","ast-banner-title-visibility":"","ast-main-header-display":"","ast-hfb-above-header-display":"","ast-hfb-below-header-display":"","ast-hfb-mobile-header-display":"","site-post-title":"disabled","ast-breadcrumbs-content":"","ast-featured-img":"disabled","footer-sml-layout":"","theme-transparent-header-meta":"","adv-header-id-meta":"","stick-header-meta":"","header-above-stick-meta":"","header-main-stick-meta":"","header-below-stick-meta":"","astra-migrate-meta-layouts":"default","ast-page-background-enabled":"default","ast-page-background-meta":{"desktop":{"background-color":"var(--ast-global-color-4)","background-image":"","background-repeat":"repeat","background-position":"center center","background-size":"auto","background-attachment":"scroll","background-type":"","background-media":"","overlay-type":"","overlay-color":"","overlay-opacity":"","overlay-gradient":""},"tablet":{"background-color":"","background-image":"","background-repeat":"repeat","background-position":"center center","background-size":"auto","background-attachment":"scroll","background-type":"","background-media":"","overlay-type":"","overlay-color":"","overlay-opacity":"","overlay-gradient":""},"mobile":{"background-color":"","background-image":"","background-repeat":"repeat","background-position":"center center","background-size":"auto","background-attachment":"scroll","background-type":"","background-media":"","overlay-type":"","overlay-color":"","overlay-opacity":"","overlay-gradient":""}},"ast-content-background-meta":{"desktop":{"background-color":"var(--ast-global-color-5)","background-image":"","background-repeat":"repeat","background-position":"center center","background-size":"auto","background-attachment":"scroll","background-type":"","background-media":"","overlay-type":"","overlay-color":"","overlay-opacity":"","overlay-gradient":""},"tablet":{"background-color":"var(--ast-global-color-5)","background-image":"","background-repeat":"repeat","background-position":"center center","background-size":"auto","background-attachment":"scroll","background-type":"","background-media":"","overlay-type":"","overlay-color":"","overlay-opacity":"","overlay-gradient":""},"mobile":{"background-color":"var(--ast-global-color-5)","background-image":"","background-repeat":"repeat","background-position":"center center","background-size":"auto","background-attachment":"scroll","background-type":"","background-media":"","overlay-type":"","overlay-color":"","overlay-opacity":"","overlay-gradient":""}},"footnotes":""},"class_list":["post-339","page","type-page","status-publish","hentry"],"_links":{"self":[{"href":"https:\/\/oselesouffle.com\/index.php\/wp-json\/wp\/v2\/pages\/339","targetHints":{"allow":["GET"]}}],"collection":[{"href":"https:\/\/oselesouffle.com\/index.php\/wp-json\/wp\/v2\/pages"}],"about":[{"href":"https:\/\/oselesouffle.com\/index.php\/wp-json\/wp\/v2\/types\/page"}],"author":[{"embeddable":true,"href":"https:\/\/oselesouffle.com\/index.php\/wp-json\/wp\/v2\/users\/1"}],"replies":[{"embeddable":true,"href":"https:\/\/oselesouffle.com\/index.php\/wp-json\/wp\/v2\/comments?post=339"}],"version-history":[{"count":16,"href":"https:\/\/oselesouffle.com\/index.php\/wp-json\/wp\/v2\/pages\/339\/revisions"}],"predecessor-version":[{"id":441,"href":"https:\/\/oselesouffle.com\/index.php\/wp-json\/wp\/v2\/pages\/339\/revisions\/441"}],"wp:attachment":[{"href":"https:\/\/oselesouffle.com\/index.php\/wp-json\/wp\/v2\/media?parent=339"}],"curies":[{"name":"wp","href":"https:\/\/api.w.org\/{rel}","templated":true}]}}