{"id":317,"date":"2024-09-18T16:55:45","date_gmt":"2024-09-18T14:55:45","guid":{"rendered":"https:\/\/oselesouffle.com\/?page_id=317"},"modified":"2024-09-25T14:03:51","modified_gmt":"2024-09-25T12:03:51","slug":"relaxation-transpersonnelle","status":"publish","type":"page","link":"https:\/\/oselesouffle.com\/index.php\/relaxation-transpersonnelle\/","title":{"rendered":"Relaxation transpersonnelle"},"content":{"rendered":"\t\t<div data-elementor-type=\"wp-page\" data-elementor-id=\"317\" class=\"elementor elementor-317\">\n\t\t\t\t<div class=\"elementor-element elementor-element-d101e24 e-flex e-con-boxed e-con e-parent\" data-id=\"d101e24\" data-element_type=\"container\">\n\t\t\t\t\t<div class=\"e-con-inner\">\n\t\t\t\t<div class=\"elementor-element elementor-element-c05aa7a elementor-widget elementor-widget-heading\" data-id=\"c05aa7a\" data-element_type=\"widget\" data-widget_type=\"heading.default\">\n\t\t\t\t<div class=\"elementor-widget-container\">\n\t\t\t<h2 class=\"elementor-heading-title elementor-size-default\">Relaxation transpersonnelle<\/h2>\t\t<\/div>\n\t\t\t\t<\/div>\n\t\t\t\t\t<\/div>\n\t\t\t\t<\/div>\n\t\t<div class=\"elementor-element elementor-element-8eae837 e-flex e-con-boxed e-con e-parent\" data-id=\"8eae837\" data-element_type=\"container\">\n\t\t\t\t\t<div class=\"e-con-inner\">\n\t\t<div class=\"elementor-element elementor-element-7fff567 e-con-full e-flex e-con e-child\" data-id=\"7fff567\" data-element_type=\"container\">\n\t\t\t\t<div class=\"elementor-element elementor-element-34dc03f elementor-widget__width-initial elementor-widget elementor-widget-image\" data-id=\"34dc03f\" data-element_type=\"widget\" data-widget_type=\"image.default\">\n\t\t\t\t<div class=\"elementor-widget-container\">\n\t\t\t\t\t\t\t\t\t\t\t\t\t<img fetchpriority=\"high\" decoding=\"async\" width=\"325\" height=\"404\" src=\"https:\/\/oselesouffle.com\/wp-content\/uploads\/2024\/09\/relaxation.png\" class=\"attachment-full size-full wp-image-320\" alt=\"\" srcset=\"https:\/\/oselesouffle.com\/wp-content\/uploads\/2024\/09\/relaxation.png 325w, https:\/\/oselesouffle.com\/wp-content\/uploads\/2024\/09\/relaxation-241x300.png 241w\" sizes=\"(max-width: 325px) 100vw, 325px\" \/>\t\t\t\t\t\t\t\t\t\t\t\t\t<\/div>\n\t\t\t\t<\/div>\n\t\t\t\t<\/div>\n\t\t<div class=\"elementor-element elementor-element-7497b9b e-con-full e-flex e-con e-child\" data-id=\"7497b9b\" data-element_type=\"container\">\n\t\t\t\t<div class=\"elementor-element elementor-element-03a8289 elementor-widget elementor-widget-text-editor\" data-id=\"03a8289\" data-element_type=\"widget\" data-widget_type=\"text-editor.default\">\n\t\t\t\t<div class=\"elementor-widget-container\">\n\t\t\t\t\t\t\t<p style=\"text-align: center;\"><span style=\"font-size: 14px;\"><span class=\"TextRun SCXW222553774 BCX4\" lang=\"FR-FR\" xml:lang=\"FR-FR\" data-contrast=\"auto\"><span class=\"NormalTextRun SCXW222553774 BCX4\">\u00ab\u202f<em>Une fois que vous apprenez l&#8217;art de la relaxation, tout arrive spontan\u00e9ment et sans effort<\/em>\u202f\u00bb<\/span><\/span><span class=\"EOP SCXW222553774 BCX4\" data-ccp-props=\"{&quot;201341983&quot;:0,&quot;335551550&quot;:2,&quot;335551620&quot;:2,&quot;335559685&quot;:720,&quot;335559740&quot;:259}\">\u00a0<\/span> <\/span><br \/><span style=\"font-size: 14px;\">Amma<\/span><\/p>\t\t\t\t\t\t<\/div>\n\t\t\t\t<\/div>\n\t\t\t\t<div class=\"elementor-element elementor-element-d62c47c elementor-widget__width-initial elementor-widget elementor-widget-text-editor\" data-id=\"d62c47c\" data-element_type=\"widget\" data-widget_type=\"text-editor.default\">\n\t\t\t\t<div class=\"elementor-widget-container\">\n\t\t\t\t\t\t\t<p style=\"font-weight: 400;\"><span style=\"color: #000000; font-size: 14px;\">Cette citation d\u00e9finie \u00e0 elle-seule la fabuleuse port\u00e9e qu&#8217;est l&#8217;art de la relaxation.<\/span><\/p><p style=\"font-weight: 400;\"><span style=\"color: #000000; font-size: 14px;\">Je vous propose un voyage rien que pour vous, un balade qui sera guid\u00e9e par qui vous \u00eates, par ce dont vous avez besoin. Je vous propose une promenade dans votre monde int\u00e9rieur qui \u00e9voluera, qui peut \u00eatre vous \u00e9tonnera. Dans tous les cas ce sera un voyage qui reposera sur l\u2019\u00e9laboration de votre mieux-\u00eatre, qui sera d\u00e9fini par vos d\u00e9sirs qu\u2019ils soient conscients ou inconscients, et qui s\u2019\u00e9largira au fil des d\u00e9couvertes et des \u00e9merveillements.<\/span><\/p><p style=\"font-weight: 400;\"><span style=\"color: #000000; font-size: 14px;\">Quoi qu\u2019il en soit, toujours ajust\u00e9e \u00e0 ce que vous \u00eates, \u00e0 votre vibration.<\/span><\/p><p style=\"font-weight: 400;\"><span style=\"color: #000000; font-size: 14px;\"><strong>La Relaxation Transpersonnelle <\/strong>dans la forme qui m\u2019a \u00e9t\u00e9 transmise est une Relaxation Evolutive et Expressive qui vous permettra de puiser vos ressources dans votre nature profonde. Elle prend sa source aupr\u00e8s de techniques telles que\u00a0:<\/span><\/p>\t\t\t\t\t\t<\/div>\n\t\t\t\t<\/div>\n\t\t\t\t<\/div>\n\t\t\t\t\t<\/div>\n\t\t\t\t<\/div>\n\t\t<div class=\"elementor-element elementor-element-d158157 e-flex e-con-boxed e-con e-parent\" data-id=\"d158157\" data-element_type=\"container\">\n\t\t\t\t\t<div class=\"e-con-inner\">\n\t\t\t\t<div class=\"elementor-element elementor-element-bc6d516 elementor-widget__width-initial elementor-widget elementor-widget-text-editor\" data-id=\"bc6d516\" data-element_type=\"widget\" data-widget_type=\"text-editor.default\">\n\t\t\t\t<div class=\"elementor-widget-container\">\n\t\t\t\t\t\t\t<p style=\"caret-color: #000000; color: #000000; font-style: normal; text-align: center;\"><span style=\"font-size: 14px;\">La relaxation progressive de Jacobson,<\/span><br \/><span style=\"font-size: 14px;\">Le training autog\u00e8ne de Schultz,<\/span><br \/><span style=\"font-size: 14px;\">Les relaxations dynamiques et passives,<\/span><br \/><span style=\"font-size: 14px;\">Le travail respiratoire,<\/span><br \/><span style=\"font-size: 14px;\">La relaxation psychosensorielle de Vittoz,<\/span><br \/><span style=\"font-size: 14px;\">La m\u00e9ditation,<\/span><br \/><span style=\"font-size: 14px;\">La m\u00e9thode Alpha,<\/span><br \/><span style=\"font-size: 14px;\">La Sophrologie,<\/span><br \/><span style=\"font-size: 14px;\">La pens\u00e9e positive d\u2019Emile Cou\u00e9,<\/span><br \/><span style=\"font-size: 14px;\">La relaxation active de Martenot,<\/span><br \/><span style=\"font-size: 14px;\">La visualisation cr\u00e9atrice de Shakti Gawain,<\/span><br \/><span style=\"font-size: 14px;\">Le travail \u00e9nerg\u00e9tique,<\/span><br \/><span style=\"font-size: 14px;\">Le Toucher Relaxant,<\/span><br \/><span style=\"font-size: 14px;\">Le Massage M\u00e9tamorphique,<\/span><br \/><span style=\"font-size: 14px;\">Le Yoga Nidra,<\/span><br \/><span style=\"font-size: 14px;\">La marche afghane,\u00a0La marche de vision, La marche m\u00e9ditative et consciente,<\/span><br \/><span style=\"font-size: 14px;\">Le mandala, Le dessin cr\u00e9atif, Le collage,<\/span><br \/><span style=\"font-size: 14px;\">La coh\u00e9rence cardiaque,<\/span><br \/><span style=\"font-size: 14px;\">\u2026<\/span><\/p><p style=\"caret-color: #000000; color: #000000; font-style: normal;\"><span style=\"font-size: 14px;\">C\u2019est la folle aventure de la Relaxation sous toute sa vastitude que je vous propose\u00a0!<\/span><\/p><p style=\"caret-color: #000000; color: #000000; font-style: normal;\"><span style=\"font-size: 14px;\">C\u2019est la puissance d\u2019une m\u00e9thode qui vous invite \u00e0 vous poser dans la relation, dans\u00a0<u>toutes<\/u>\u00a0ses formes de relations par le corps harmonis\u00e9 avec le mental. Voil\u00e0 de quoi se compose l\u2019essence m\u00eame de la Relaxation bas\u00e9e sur l\u2019expression d\u2019un v\u00e9cu personnel et ancestral.<\/span><\/p>\t\t\t\t\t\t<\/div>\n\t\t\t\t<\/div>\n\t\t\t\t\t<\/div>\n\t\t\t\t<\/div>\n\t\t\t\t<\/div>\n\t\t","protected":false},"excerpt":{"rendered":"<p>Relaxation transpersonnelle \u00ab\u202fUne fois que vous apprenez l&#8217;art de la relaxation, tout arrive spontan\u00e9ment et sans effort\u202f\u00bb\u00a0 Amma Cette citation [&hellip;]<\/p>\n","protected":false},"author":1,"featured_media":0,"parent":0,"menu_order":0,"comment_status":"closed","ping_status":"closed","template":"","meta":{"site-sidebar-layout":"no-sidebar","site-content-layout":"","ast-site-content-layout":"full-width-container","site-content-style":"default","site-sidebar-style":"default","ast-global-header-display":"","ast-banner-title-visibility":"","ast-main-header-display":"","ast-hfb-above-header-display":"","ast-hfb-below-header-display":"","ast-hfb-mobile-header-display":"","site-post-title":"disabled","ast-breadcrumbs-content":"","ast-featured-img":"disabled","footer-sml-layout":"","theme-transparent-header-meta":"","adv-header-id-meta":"","stick-header-meta":"","header-above-stick-meta":"","header-main-stick-meta":"","header-below-stick-meta":"","astra-migrate-meta-layouts":"default","ast-page-background-enabled":"default","ast-page-background-meta":{"desktop":{"background-color":"var(--ast-global-color-4)","background-image":"","background-repeat":"repeat","background-position":"center center","background-size":"auto","background-attachment":"scroll","background-type":"","background-media":"","overlay-type":"","overlay-color":"","overlay-opacity":"","overlay-gradient":""},"tablet":{"background-color":"","background-image":"","background-repeat":"repeat","background-position":"center center","background-size":"auto","background-attachment":"scroll","background-type":"","background-media":"","overlay-type":"","overlay-color":"","overlay-opacity":"","overlay-gradient":""},"mobile":{"background-color":"","background-image":"","background-repeat":"repeat","background-position":"center center","background-size":"auto","background-attachment":"scroll","background-type":"","background-media":"","overlay-type":"","overlay-color":"","overlay-opacity":"","overlay-gradient":""}},"ast-content-background-meta":{"desktop":{"background-color":"var(--ast-global-color-5)","background-image":"","background-repeat":"repeat","background-position":"center center","background-size":"auto","background-attachment":"scroll","background-type":"","background-media":"","overlay-type":"","overlay-color":"","overlay-opacity":"","overlay-gradient":""},"tablet":{"background-color":"var(--ast-global-color-5)","background-image":"","background-repeat":"repeat","background-position":"center center","background-size":"auto","background-attachment":"scroll","background-type":"","background-media":"","overlay-type":"","overlay-color":"","overlay-opacity":"","overlay-gradient":""},"mobile":{"background-color":"var(--ast-global-color-5)","background-image":"","background-repeat":"repeat","background-position":"center center","background-size":"auto","background-attachment":"scroll","background-type":"","background-media":"","overlay-type":"","overlay-color":"","overlay-opacity":"","overlay-gradient":""}},"footnotes":""},"class_list":["post-317","page","type-page","status-publish","hentry"],"_links":{"self":[{"href":"https:\/\/oselesouffle.com\/index.php\/wp-json\/wp\/v2\/pages\/317","targetHints":{"allow":["GET"]}}],"collection":[{"href":"https:\/\/oselesouffle.com\/index.php\/wp-json\/wp\/v2\/pages"}],"about":[{"href":"https:\/\/oselesouffle.com\/index.php\/wp-json\/wp\/v2\/types\/page"}],"author":[{"embeddable":true,"href":"https:\/\/oselesouffle.com\/index.php\/wp-json\/wp\/v2\/users\/1"}],"replies":[{"embeddable":true,"href":"https:\/\/oselesouffle.com\/index.php\/wp-json\/wp\/v2\/comments?post=317"}],"version-history":[{"count":20,"href":"https:\/\/oselesouffle.com\/index.php\/wp-json\/wp\/v2\/pages\/317\/revisions"}],"predecessor-version":[{"id":427,"href":"https:\/\/oselesouffle.com\/index.php\/wp-json\/wp\/v2\/pages\/317\/revisions\/427"}],"wp:attachment":[{"href":"https:\/\/oselesouffle.com\/index.php\/wp-json\/wp\/v2\/media?parent=317"}],"curies":[{"name":"wp","href":"https:\/\/api.w.org\/{rel}","templated":true}]}}