{"id":308,"date":"2024-09-18T16:38:44","date_gmt":"2024-09-18T14:38:44","guid":{"rendered":"https:\/\/oselesouffle.com\/?page_id=308"},"modified":"2024-09-25T13:58:27","modified_gmt":"2024-09-25T11:58:27","slug":"massage-bebe","status":"publish","type":"page","link":"https:\/\/oselesouffle.com\/index.php\/massage-bebe\/","title":{"rendered":"Massage bebe"},"content":{"rendered":"\t\t<div data-elementor-type=\"wp-page\" data-elementor-id=\"308\" class=\"elementor elementor-308\">\n\t\t\t\t<div class=\"elementor-element elementor-element-d101e24 e-flex e-con-boxed e-con e-parent\" data-id=\"d101e24\" data-element_type=\"container\">\n\t\t\t\t\t<div class=\"e-con-inner\">\n\t\t\t\t<div class=\"elementor-element elementor-element-c05aa7a elementor-widget elementor-widget-heading\" data-id=\"c05aa7a\" data-element_type=\"widget\" data-widget_type=\"heading.default\">\n\t\t\t\t<div class=\"elementor-widget-container\">\n\t\t\t<h2 class=\"elementor-heading-title elementor-size-default\">Massage b\u00e9b\u00e9 et accompagnement \u00e0 la parentalit\u00e9<\/h2>\t\t<\/div>\n\t\t\t\t<\/div>\n\t\t\t\t\t<\/div>\n\t\t\t\t<\/div>\n\t\t<div class=\"elementor-element elementor-element-8eae837 e-flex e-con-boxed e-con e-parent\" data-id=\"8eae837\" data-element_type=\"container\">\n\t\t\t\t\t<div class=\"e-con-inner\">\n\t\t<div class=\"elementor-element elementor-element-7fff567 e-con-full e-flex e-con e-child\" data-id=\"7fff567\" data-element_type=\"container\">\n\t\t\t\t<div class=\"elementor-element elementor-element-34dc03f elementor-widget__width-initial elementor-widget elementor-widget-image\" data-id=\"34dc03f\" data-element_type=\"widget\" data-widget_type=\"image.default\">\n\t\t\t\t<div class=\"elementor-widget-container\">\n\t\t\t\t\t\t\t\t\t\t\t\t\t<img fetchpriority=\"high\" decoding=\"async\" width=\"495\" height=\"331\" src=\"https:\/\/oselesouffle.com\/wp-content\/uploads\/2024\/09\/massage-bebe.png\" class=\"attachment-full size-full wp-image-310\" alt=\"\" srcset=\"https:\/\/oselesouffle.com\/wp-content\/uploads\/2024\/09\/massage-bebe.png 495w, https:\/\/oselesouffle.com\/wp-content\/uploads\/2024\/09\/massage-bebe-300x201.png 300w\" sizes=\"(max-width: 495px) 100vw, 495px\" \/>\t\t\t\t\t\t\t\t\t\t\t\t\t<\/div>\n\t\t\t\t<\/div>\n\t\t\t\t<\/div>\n\t\t<div class=\"elementor-element elementor-element-7497b9b e-con-full e-flex e-con e-child\" data-id=\"7497b9b\" data-element_type=\"container\">\n\t\t\t\t<div class=\"elementor-element elementor-element-d62c47c elementor-widget__width-initial elementor-widget elementor-widget-text-editor\" data-id=\"d62c47c\" data-element_type=\"widget\" data-widget_type=\"text-editor.default\">\n\t\t\t\t<div class=\"elementor-widget-container\">\n\t\t\t\t\t\t\t<p style=\"font-weight: 400;\"><span style=\"font-size: 14px; color: #000000;\">Il s\u2019agit de vous et de votre b\u00e9b\u00e9,\u00a0de vous guider pour laisser vos mains se frayer un chemin dans la relation de c\u0153ur et de tendresse. C\u2019est une sacr\u00e9e aventure que d\u2019accueillir toutes ces nouvelles couleurs insoup\u00e7onn\u00e9es que provoque l\u2019arriv\u00e9e de b\u00e9b\u00e9 au sein du couple et de la famille. Il s\u2019agit de vous autorisez \u00e0 vous faire confiance en vous appuyant sur des gestes simples et doux.<\/span><\/p><p style=\"font-weight: 400;\"><span style=\"color: #000000; font-size: 14px;\">Les bienfaits du massage r\u00e9gulier de votre b\u00e9b\u00e9 permet d\u2019\u00e9veiller et d\u2019explorer en lui le monde du sensoriel. Vous devenez acteur du bien-\u00eatre de votre b\u00e9b\u00e9, et contribuez \u00e0 renforcer le lien entre vous de mani\u00e8re positive et sereine. Tout en lib\u00e9rant l\u2019ocytocine (l\u2019hormone du bonheur), le massage am\u00e9liore son confort digestif, \u00e9motionnel, sa qualit\u00e9 de sommeil et att\u00e9nue la douleur des pouss\u00e9es dentaires.<\/span><\/p><p><span style=\"color: #000000; font-size: 14px;\">Le massage d\u00e9veloppe \u00e9galement ses facult\u00e9s psychomotrices, il favorise les d\u00e9fenses immunitaires dans un contexte apais\u00e9.<\/span><\/p><p><span style=\"color: #000000; font-size: 14px;\">Et puis, bien entendu, le massage est contenant, enveloppant, cela lui permet de sentir les limites de son corps et de pouvoir mieux communiquer en tant que b\u00e9b\u00e9, enfant et futur adulte.<\/span><\/p><p><span style=\"color: #000000; font-size: 14px;\">Les bienfaits du massage sont un cadeau qui s\u2019installent pour toute la vie\u00a0!<\/span><\/p>\t\t\t\t\t\t<\/div>\n\t\t\t\t<\/div>\n\t\t\t\t<\/div>\n\t\t\t\t\t<\/div>\n\t\t\t\t<\/div>\n\t\t\t\t<\/div>\n\t\t","protected":false},"excerpt":{"rendered":"<p>Massage b\u00e9b\u00e9 et accompagnement \u00e0 la parentalit\u00e9 Il s\u2019agit de vous et de votre b\u00e9b\u00e9,\u00a0de vous guider pour laisser vos [&hellip;]<\/p>\n","protected":false},"author":1,"featured_media":0,"parent":0,"menu_order":0,"comment_status":"closed","ping_status":"closed","template":"","meta":{"site-sidebar-layout":"no-sidebar","site-content-layout":"","ast-site-content-layout":"full-width-container","site-content-style":"default","site-sidebar-style":"default","ast-global-header-display":"","ast-banner-title-visibility":"","ast-main-header-display":"","ast-hfb-above-header-display":"","ast-hfb-below-header-display":"","ast-hfb-mobile-header-display":"","site-post-title":"disabled","ast-breadcrumbs-content":"","ast-featured-img":"disabled","footer-sml-layout":"","theme-transparent-header-meta":"","adv-header-id-meta":"","stick-header-meta":"","header-above-stick-meta":"","header-main-stick-meta":"","header-below-stick-meta":"","astra-migrate-meta-layouts":"default","ast-page-background-enabled":"default","ast-page-background-meta":{"desktop":{"background-color":"var(--ast-global-color-4)","background-image":"","background-repeat":"repeat","background-position":"center center","background-size":"auto","background-attachment":"scroll","background-type":"","background-media":"","overlay-type":"","overlay-color":"","overlay-opacity":"","overlay-gradient":""},"tablet":{"background-color":"","background-image":"","background-repeat":"repeat","background-position":"center center","background-size":"auto","background-attachment":"scroll","background-type":"","background-media":"","overlay-type":"","overlay-color":"","overlay-opacity":"","overlay-gradient":""},"mobile":{"background-color":"","background-image":"","background-repeat":"repeat","background-position":"center center","background-size":"auto","background-attachment":"scroll","background-type":"","background-media":"","overlay-type":"","overlay-color":"","overlay-opacity":"","overlay-gradient":""}},"ast-content-background-meta":{"desktop":{"background-color":"var(--ast-global-color-5)","background-image":"","background-repeat":"repeat","background-position":"center center","background-size":"auto","background-attachment":"scroll","background-type":"","background-media":"","overlay-type":"","overlay-color":"","overlay-opacity":"","overlay-gradient":""},"tablet":{"background-color":"var(--ast-global-color-5)","background-image":"","background-repeat":"repeat","background-position":"center center","background-size":"auto","background-attachment":"scroll","background-type":"","background-media":"","overlay-type":"","overlay-color":"","overlay-opacity":"","overlay-gradient":""},"mobile":{"background-color":"var(--ast-global-color-5)","background-image":"","background-repeat":"repeat","background-position":"center center","background-size":"auto","background-attachment":"scroll","background-type":"","background-media":"","overlay-type":"","overlay-color":"","overlay-opacity":"","overlay-gradient":""}},"footnotes":""},"class_list":["post-308","page","type-page","status-publish","hentry"],"_links":{"self":[{"href":"https:\/\/oselesouffle.com\/index.php\/wp-json\/wp\/v2\/pages\/308","targetHints":{"allow":["GET"]}}],"collection":[{"href":"https:\/\/oselesouffle.com\/index.php\/wp-json\/wp\/v2\/pages"}],"about":[{"href":"https:\/\/oselesouffle.com\/index.php\/wp-json\/wp\/v2\/types\/page"}],"author":[{"embeddable":true,"href":"https:\/\/oselesouffle.com\/index.php\/wp-json\/wp\/v2\/users\/1"}],"replies":[{"embeddable":true,"href":"https:\/\/oselesouffle.com\/index.php\/wp-json\/wp\/v2\/comments?post=308"}],"version-history":[{"count":10,"href":"https:\/\/oselesouffle.com\/index.php\/wp-json\/wp\/v2\/pages\/308\/revisions"}],"predecessor-version":[{"id":424,"href":"https:\/\/oselesouffle.com\/index.php\/wp-json\/wp\/v2\/pages\/308\/revisions\/424"}],"wp:attachment":[{"href":"https:\/\/oselesouffle.com\/index.php\/wp-json\/wp\/v2\/media?parent=308"}],"curies":[{"name":"wp","href":"https:\/\/api.w.org\/{rel}","templated":true}]}}