{"id":301,"date":"2024-09-18T16:34:53","date_gmt":"2024-09-18T14:34:53","guid":{"rendered":"https:\/\/oselesouffle.com\/?page_id=301"},"modified":"2024-09-25T13:55:55","modified_gmt":"2024-09-25T11:55:55","slug":"massage-intuitif","status":"publish","type":"page","link":"https:\/\/oselesouffle.com\/index.php\/massage-intuitif\/","title":{"rendered":"Massage intuitif"},"content":{"rendered":"\t\t<div data-elementor-type=\"wp-page\" data-elementor-id=\"301\" class=\"elementor elementor-301\">\n\t\t\t\t<div class=\"elementor-element elementor-element-d101e24 e-flex e-con-boxed e-con e-parent\" data-id=\"d101e24\" data-element_type=\"container\">\n\t\t\t\t\t<div class=\"e-con-inner\">\n\t\t\t\t<div class=\"elementor-element elementor-element-c05aa7a elementor-widget elementor-widget-heading\" data-id=\"c05aa7a\" data-element_type=\"widget\" data-widget_type=\"heading.default\">\n\t\t\t\t<div class=\"elementor-widget-container\">\n\t\t\t<h2 class=\"elementor-heading-title elementor-size-default\">Massage Intuitif<\/h2>\t\t<\/div>\n\t\t\t\t<\/div>\n\t\t\t\t\t<\/div>\n\t\t\t\t<\/div>\n\t\t<div class=\"elementor-element elementor-element-8eae837 e-flex e-con-boxed e-con e-parent\" data-id=\"8eae837\" data-element_type=\"container\">\n\t\t\t\t\t<div class=\"e-con-inner\">\n\t\t<div class=\"elementor-element elementor-element-7fff567 e-con-full e-flex e-con e-child\" data-id=\"7fff567\" data-element_type=\"container\">\n\t\t\t\t<div class=\"elementor-element elementor-element-34dc03f elementor-widget__width-initial elementor-widget elementor-widget-image\" data-id=\"34dc03f\" data-element_type=\"widget\" data-widget_type=\"image.default\">\n\t\t\t\t<div class=\"elementor-widget-container\">\n\t\t\t\t\t\t\t\t\t\t\t\t\t<img fetchpriority=\"high\" decoding=\"async\" width=\"439\" height=\"427\" src=\"https:\/\/oselesouffle.com\/wp-content\/uploads\/2024\/09\/massage-intuitif.png\" class=\"attachment-full size-full wp-image-303\" alt=\"\" srcset=\"https:\/\/oselesouffle.com\/wp-content\/uploads\/2024\/09\/massage-intuitif.png 439w, https:\/\/oselesouffle.com\/wp-content\/uploads\/2024\/09\/massage-intuitif-300x292.png 300w\" sizes=\"(max-width: 439px) 100vw, 439px\" \/>\t\t\t\t\t\t\t\t\t\t\t\t\t<\/div>\n\t\t\t\t<\/div>\n\t\t\t\t<\/div>\n\t\t<div class=\"elementor-element elementor-element-7497b9b e-con-full e-flex e-con e-child\" data-id=\"7497b9b\" data-element_type=\"container\">\n\t\t\t\t<div class=\"elementor-element elementor-element-03a8289 elementor-widget elementor-widget-text-editor\" data-id=\"03a8289\" data-element_type=\"widget\" data-widget_type=\"text-editor.default\">\n\t\t\t\t<div class=\"elementor-widget-container\">\n\t\t\t\t\t\t\t<p style=\"text-align: center;\"><span style=\"font-size: 14px;\"><span class=\"TextRun SCXW222553774 BCX4\" lang=\"FR-FR\" xml:lang=\"FR-FR\" data-contrast=\"auto\"><span class=\"NormalTextRun SCXW222553774 BCX4\">\u00ab\u202f<em>Souvent, les mains peuvent r\u00e9soudre un myst\u00e8re que l&#8217;intellect a toujours vainement tent\u00e9 de r\u00e9gler<\/em>\u202f\u00bb<\/span><\/span><span class=\"EOP SCXW222553774 BCX4\" data-ccp-props=\"{&quot;201341983&quot;:0,&quot;335551550&quot;:2,&quot;335551620&quot;:2,&quot;335559685&quot;:720,&quot;335559740&quot;:259}\">\u00a0<\/span> <\/span><br \/><span style=\"font-size: 14px;\">C.G. Jung<\/span><\/p>\t\t\t\t\t\t<\/div>\n\t\t\t\t<\/div>\n\t\t\t\t<div class=\"elementor-element elementor-element-d62c47c elementor-widget__width-initial elementor-widget elementor-widget-text-editor\" data-id=\"d62c47c\" data-element_type=\"widget\" data-widget_type=\"text-editor.default\">\n\t\t\t\t<div class=\"elementor-widget-container\">\n\t\t\t\t\t\t\t<p style=\"font-weight: 400;\"><span style=\"color: #000000; font-size: 14px;\">L\u2019art du Massage ouvre l\u2019espace \u00e0 la relation, je vous propose un toucher intuitif, cr\u00e9atif et sur mesure.<\/span><\/p><p style=\"font-weight: 400;\"><span style=\"color: #000000; font-size: 14px;\">Souffle, pr\u00e9sence, intuition, c\u0153ur, cr\u00e9ation s\u2019allient, tout en ayant pour socle les techniques de massages californien, su\u00e9dois, lemniscate, orgonomique, reichien, m\u00e9tamorphique et d\u2019autres encore.<\/span><\/p><p style=\"font-weight: 400;\"><span style=\"color: #000000; font-size: 14px;\">Je mets mon intuition et ma cr\u00e9ativit\u00e9 au service de votre besoin dans un travail qui vise \u00e0 d\u00e9nouer les blocages physiques, mentaux, \u00e9motionnels et remettre en circulation l\u2019\u00e9nergie vitale. Le massage est l\u2019art de remettre en mouvement ce qui est enfoui, de r\u00e9v\u00e9ler ce qui est tu.<\/span><\/p><p style=\"font-weight: 400;\"><span style=\"color: #000000; font-size: 14px;\">Soutenu par le respect, la tendresse, l\u2019\u00e9nergie, la vibration, le bien-\u00eatre quelque fois, le mieux-\u00eatre le plus souvent, votre corps va pouvoir s\u2019exprimer, sentir, recevoir, donner, lib\u00e9rer, r\u00e9parer, panser, r\u00e9g\u00e9n\u00e9rer, crier, rire, pleurer, exulter, danser, exprimer ses \u00e9motions et pourquoi pas rena\u00eetre.<\/span><\/p>\t\t\t\t\t\t<\/div>\n\t\t\t\t<\/div>\n\t\t\t\t<\/div>\n\t\t\t\t\t<\/div>\n\t\t\t\t<\/div>\n\t\t<div class=\"elementor-element elementor-element-05a054c e-flex e-con-boxed e-con e-parent\" data-id=\"05a054c\" data-element_type=\"container\">\n\t\t\t\t\t<div class=\"e-con-inner\">\n\t\t<div class=\"elementor-element elementor-element-40c0fd1 e-con-full e-flex e-con e-child\" data-id=\"40c0fd1\" data-element_type=\"container\">\n\t\t\t\t<div class=\"elementor-element elementor-element-bc6d516 elementor-widget elementor-widget-text-editor\" data-id=\"bc6d516\" data-element_type=\"widget\" data-widget_type=\"text-editor.default\">\n\t\t\t\t<div class=\"elementor-widget-container\">\n\t\t\t\t\t\t\t<p style=\"font-weight: 400;\"><span style=\"color: #000000;\"><strong>LE TOUCHER RELAXANT<\/strong><\/span><\/p><p style=\"font-weight: 400;\"><span style=\"color: #000000; font-size: 14px;\">Besoin de ne rien faire, juste laisser faire\u2026<\/span><\/p><p style=\"font-weight: 400;\"><span style=\"color: #000000; font-size: 14px;\"><strong>Relaxin\u00e9sie, Relaxation Cor\u00e9enne, Massage \u00e0 deux balles, Automassages inspir\u00e9s du Do\u2019in.<\/strong><\/span><\/p><p style=\"font-weight: 400;\"><span style=\"color: #000000; font-size: 14px;\">C\u2019est une relaxation en profondeur, une exploration apaisante et r\u00e9unificatrice. Une exp\u00e9rience de bien \u00eatre qui permet de se poser dans son corps. C\u2019est une relaxation passive qui permet la production d\u2019endorphines, cette hormone de d\u00e9tente qui permet de r\u00e9duire consid\u00e9rablement le stress et d\u2019am\u00e9liorer, entre autre, la qualit\u00e9 du sommeil, et qui favorise de mani\u00e8re g\u00e9n\u00e9rale la sensation de bien-\u00eatre.<\/span><\/p><p style=\"font-weight: 400;\"><span style=\"color: #000000; font-size: 14px;\">Besoin d\u2019un m\u00e9diateur\u00a0? le toucher relaxant peut se pratiquer habill\u00e9, parfait si vous \u00eates pudique et ressentez le besoin d\u2019\u00eatre touch\u00e9 avec peu ou pas de contact de peau.<\/span><\/p><p style=\"font-weight: 400;\"><span style=\"color: #000000; font-size: 14px;\">C\u2019est une relaxation en profondeur, en vous laissant \u00ab\u00a0juste\u00a0\u00bb recevoir<\/span><\/p>\t\t\t\t\t\t<\/div>\n\t\t\t\t<\/div>\n\t\t\t\t<\/div>\n\t\t<div class=\"elementor-element elementor-element-f59dd16 e-con-full e-flex e-con e-child\" data-id=\"f59dd16\" data-element_type=\"container\">\n\t\t\t\t<div class=\"elementor-element elementor-element-9619ee5 elementor-widget__width-initial elementor-widget elementor-widget-image\" data-id=\"9619ee5\" data-element_type=\"widget\" data-widget_type=\"image.default\">\n\t\t\t\t<div class=\"elementor-widget-container\">\n\t\t\t\t\t\t\t\t\t\t\t\t\t<img decoding=\"async\" width=\"497\" height=\"362\" src=\"https:\/\/oselesouffle.com\/wp-content\/uploads\/2024\/09\/LE-TOUCHER-RELAXANT.png\" class=\"attachment-full size-full wp-image-304\" alt=\"\" srcset=\"https:\/\/oselesouffle.com\/wp-content\/uploads\/2024\/09\/LE-TOUCHER-RELAXANT.png 497w, https:\/\/oselesouffle.com\/wp-content\/uploads\/2024\/09\/LE-TOUCHER-RELAXANT-300x219.png 300w\" sizes=\"(max-width: 497px) 100vw, 497px\" \/>\t\t\t\t\t\t\t\t\t\t\t\t\t<\/div>\n\t\t\t\t<\/div>\n\t\t\t\t<\/div>\n\t\t\t\t\t<\/div>\n\t\t\t\t<\/div>\n\t\t\t\t<\/div>\n\t\t","protected":false},"excerpt":{"rendered":"<p>Massage Intuitif \u00ab\u202fSouvent, les mains peuvent r\u00e9soudre un myst\u00e8re que l&#8217;intellect a toujours vainement tent\u00e9 de r\u00e9gler\u202f\u00bb\u00a0 C.G. Jung L\u2019art [&hellip;]<\/p>\n","protected":false},"author":1,"featured_media":0,"parent":0,"menu_order":0,"comment_status":"closed","ping_status":"closed","template":"","meta":{"site-sidebar-layout":"no-sidebar","site-content-layout":"","ast-site-content-layout":"full-width-container","site-content-style":"default","site-sidebar-style":"default","ast-global-header-display":"","ast-banner-title-visibility":"","ast-main-header-display":"","ast-hfb-above-header-display":"","ast-hfb-below-header-display":"","ast-hfb-mobile-header-display":"","site-post-title":"disabled","ast-breadcrumbs-content":"","ast-featured-img":"disabled","footer-sml-layout":"","theme-transparent-header-meta":"","adv-header-id-meta":"","stick-header-meta":"","header-above-stick-meta":"","header-main-stick-meta":"","header-below-stick-meta":"","astra-migrate-meta-layouts":"default","ast-page-background-enabled":"default","ast-page-background-meta":{"desktop":{"background-color":"var(--ast-global-color-4)","background-image":"","background-repeat":"repeat","background-position":"center center","background-size":"auto","background-attachment":"scroll","background-type":"","background-media":"","overlay-type":"","overlay-color":"","overlay-opacity":"","overlay-gradient":""},"tablet":{"background-color":"","background-image":"","background-repeat":"repeat","background-position":"center center","background-size":"auto","background-attachment":"scroll","background-type":"","background-media":"","overlay-type":"","overlay-color":"","overlay-opacity":"","overlay-gradient":""},"mobile":{"background-color":"","background-image":"","background-repeat":"repeat","background-position":"center center","background-size":"auto","background-attachment":"scroll","background-type":"","background-media":"","overlay-type":"","overlay-color":"","overlay-opacity":"","overlay-gradient":""}},"ast-content-background-meta":{"desktop":{"background-color":"var(--ast-global-color-5)","background-image":"","background-repeat":"repeat","background-position":"center center","background-size":"auto","background-attachment":"scroll","background-type":"","background-media":"","overlay-type":"","overlay-color":"","overlay-opacity":"","overlay-gradient":""},"tablet":{"background-color":"var(--ast-global-color-5)","background-image":"","background-repeat":"repeat","background-position":"center center","background-size":"auto","background-attachment":"scroll","background-type":"","background-media":"","overlay-type":"","overlay-color":"","overlay-opacity":"","overlay-gradient":""},"mobile":{"background-color":"var(--ast-global-color-5)","background-image":"","background-repeat":"repeat","background-position":"center center","background-size":"auto","background-attachment":"scroll","background-type":"","background-media":"","overlay-type":"","overlay-color":"","overlay-opacity":"","overlay-gradient":""}},"footnotes":""},"class_list":["post-301","page","type-page","status-publish","hentry"],"_links":{"self":[{"href":"https:\/\/oselesouffle.com\/index.php\/wp-json\/wp\/v2\/pages\/301","targetHints":{"allow":["GET"]}}],"collection":[{"href":"https:\/\/oselesouffle.com\/index.php\/wp-json\/wp\/v2\/pages"}],"about":[{"href":"https:\/\/oselesouffle.com\/index.php\/wp-json\/wp\/v2\/types\/page"}],"author":[{"embeddable":true,"href":"https:\/\/oselesouffle.com\/index.php\/wp-json\/wp\/v2\/users\/1"}],"replies":[{"embeddable":true,"href":"https:\/\/oselesouffle.com\/index.php\/wp-json\/wp\/v2\/comments?post=301"}],"version-history":[{"count":10,"href":"https:\/\/oselesouffle.com\/index.php\/wp-json\/wp\/v2\/pages\/301\/revisions"}],"predecessor-version":[{"id":421,"href":"https:\/\/oselesouffle.com\/index.php\/wp-json\/wp\/v2\/pages\/301\/revisions\/421"}],"wp:attachment":[{"href":"https:\/\/oselesouffle.com\/index.php\/wp-json\/wp\/v2\/media?parent=301"}],"curies":[{"name":"wp","href":"https:\/\/api.w.org\/{rel}","templated":true}]}}