{"id":2,"date":"2023-12-13T15:20:14","date_gmt":"2023-12-13T14:20:14","guid":{"rendered":"http:\/\/oselesouffle.com\/?page_id=2"},"modified":"2024-09-25T11:42:12","modified_gmt":"2024-09-25T09:42:12","slug":"accueil","status":"publish","type":"page","link":"https:\/\/oselesouffle.com\/","title":{"rendered":"Accueil"},"content":{"rendered":"\t\t<div data-elementor-type=\"wp-page\" data-elementor-id=\"2\" class=\"elementor elementor-2\">\n\t\t\t\t<div class=\"elementor-element elementor-element-6abb0f3 e-flex e-con-boxed e-con e-parent\" data-id=\"6abb0f3\" data-element_type=\"container\" data-settings=\"{&quot;background_background&quot;:&quot;classic&quot;}\">\n\t\t\t\t\t<div class=\"e-con-inner\">\n\t\t<div class=\"elementor-element elementor-element-aa7477b e-con-full e-flex e-con e-child\" data-id=\"aa7477b\" data-element_type=\"container\">\n\t\t\t\t<div class=\"elementor-element elementor-element-1cc2a55 elementor-widget__width-initial elementor-widget elementor-widget-image\" data-id=\"1cc2a55\" data-element_type=\"widget\" data-widget_type=\"image.default\">\n\t\t\t\t<div class=\"elementor-widget-container\">\n\t\t\t\t\t\t\t\t\t\t\t\t\t<img fetchpriority=\"high\" decoding=\"async\" width=\"466\" height=\"700\" src=\"https:\/\/oselesouffle.com\/wp-content\/uploads\/2024\/03\/FB_IMG_1597310656626.jpg\" class=\"attachment-large size-large wp-image-69\" alt=\"\" srcset=\"https:\/\/oselesouffle.com\/wp-content\/uploads\/2024\/03\/FB_IMG_1597310656626.jpg 466w, https:\/\/oselesouffle.com\/wp-content\/uploads\/2024\/03\/FB_IMG_1597310656626-200x300.jpg 200w\" sizes=\"(max-width: 466px) 100vw, 466px\" \/>\t\t\t\t\t\t\t\t\t\t\t\t\t<\/div>\n\t\t\t\t<\/div>\n\t\t\t\t<\/div>\n\t\t<div class=\"elementor-element elementor-element-1b6307e e-con-full e-flex e-con e-child\" data-id=\"1b6307e\" data-element_type=\"container\">\n\t\t\t\t<div class=\"elementor-element elementor-element-fd37755 elementor-widget elementor-widget-text-editor\" data-id=\"fd37755\" data-element_type=\"widget\" data-widget_type=\"text-editor.default\">\n\t\t\t\t<div class=\"elementor-widget-container\">\n\t\t\t\t\t\t\t<p style=\"text-align: center;\"><span style=\"font-size: 14px;\"><span class=\"TextRun SCXW222553774 BCX4\" lang=\"FR-FR\" xml:lang=\"FR-FR\" data-contrast=\"auto\"><span class=\"NormalTextRun SCXW222553774 BCX4\">\u00ab\u202f<em>La folie c&#8217;est faire toujours la m\u00eame chose\u00a0et de s&#8217;attendre \u00e0 un r\u00e9sultat diff\u00e9rent<\/em>\u202f\u00bb<\/span><\/span><span class=\"EOP SCXW222553774 BCX4\" data-ccp-props=\"{&quot;201341983&quot;:0,&quot;335551550&quot;:2,&quot;335551620&quot;:2,&quot;335559685&quot;:720,&quot;335559740&quot;:259}\">\u00a0<\/span> <\/span><br \/><span style=\"font-size: 14px;\">Comme le disait Einstein<\/span><\/p>\t\t\t\t\t\t<\/div>\n\t\t\t\t<\/div>\n\t\t\t\t<div class=\"elementor-element elementor-element-7d6013b elementor-widget elementor-widget-text-editor\" data-id=\"7d6013b\" data-element_type=\"widget\" data-widget_type=\"text-editor.default\">\n\t\t\t\t<div class=\"elementor-widget-container\">\n\t\t\t\t\t\t\t<p style=\"font-weight: 400;\"><span style=\"font-size: 14px;\">Oui, tu as raison Albert\u00a0! Il est venu le temps d\u2019oser le saut vers l\u2019inconnu. D\u2019oser se r\u00e9-approprier notre pouvoir personnel et cr\u00e9ateur et transformer notre demain.<\/span><\/p><p style=\"font-weight: 400;\"><span style=\"font-size: 14px;\">Et si vous transformiez le prisme \u00e0 travers lequel vous regardez les \u00e9v\u00e8nements de votre vie, si vous ouvriez un regard diff\u00e9rent sur le pass\u00e9\u00a0? Nul doute que l&#8217;avenir vous para\u00eetra plus s\u00e9curisant, plus \u00e9quilibr\u00e9, plus vivant.<\/span><\/p><p style=\"font-weight: 400;\"><span style=\"font-size: 14px;\">Notre cerveau s&#8217;est bien souvent habitu\u00e9 \u00e0 regarder notre pass\u00e9 comme un bagage qui, quelque fois, peut peser lourd. Transformer cette vision peut ouvrir le futur \u00e0 de nouvelles aventures inexplor\u00e9es.<\/span><\/p><p style=\"font-weight: 400;\"><span style=\"font-size: 14px;\">Avec pour socle mon \u00e9ventail de pratiques et d\u2019explorations, je vous propose un <strong>accompagnement transpersonnel* sur mesure<\/strong>, une cocr\u00e9ation soutenue par le processus en cours, une aventure ensemble.<\/span><\/p><p style=\"font-weight: 400;\"><span style=\"font-size: 14px;\"><em>Je vous souffle cette \u00ab\u00a0phrase fl\u00e8che\u00a0\u00bb que m\u2019a confi\u00e9 Deborah Bacon \u00a0: <strong>\u00ab\u00a0L\u2019antidote \u00e0 la prise de t\u00eate, c\u2019est la prise de terre\u00a0\u00bb<\/strong><\/em><\/span><\/p><p style=\"font-weight: 400;\"><strong><span style=\"font-size: 14px;\">Confiance en soi &#8211; Moment de passage &#8211; Grossesse &#8211; Pr\u00e9paration \u00e0 la naissance (en compl\u00e9ment du travail m\u00e9dical) &#8211; Ev\u00e8nements divers et vari\u00e9s &#8211; Pr\u00e9paration \u00e0 un examen \u2013 Besoin d\u2019une pause\u2026<\/span><\/strong><\/p><p style=\"font-weight: 400;\"><span style=\"font-size: 14px;\">Un petit coup de pouce pour aider le mouvement de la vie \u00e0 se faufiler l\u00e0 o\u00f9 c\u2019est le mieux pour vous.<\/span><\/p><p style=\"font-weight: 400;\"><strong><span style=\"font-size: 14px;\">Gestion du Stress, de l\u2019anxi\u00e9t\u00e9 \u2013 Am\u00e9lioration du sommeil \u2013 Burn Out \u2013 D\u00e9pression &#8211; Perte de sens \u2013 D\u00e9valorisation \u2013 Douleurs \u2013Deuil \u2013<\/span>\u00a0<span style=\"font-size: 14px;\">Manque de confiance en Soi \u2013 Difficult\u00e9 de concentration\u2026<\/span><\/strong><\/p>\t\t\t\t\t\t<\/div>\n\t\t\t\t<\/div>\n\t\t\t\t<\/div>\n\t\t\t\t\t<\/div>\n\t\t\t\t<\/div>\n\t\t<div class=\"elementor-element elementor-element-edcea7a e-flex e-con-boxed e-con e-parent\" data-id=\"edcea7a\" data-element_type=\"container\" data-settings=\"{&quot;background_background&quot;:&quot;classic&quot;}\">\n\t\t\t\t\t<div class=\"e-con-inner\">\n\t\t\t\t<div class=\"elementor-element elementor-element-aea41a7 elementor-widget__width-initial elementor-widget elementor-widget-text-editor\" data-id=\"aea41a7\" data-element_type=\"widget\" data-widget_type=\"text-editor.default\">\n\t\t\t\t<div class=\"elementor-widget-container\">\n\t\t\t\t\t\t\t<p style=\"font-weight: 400;\"><span style=\"font-size: 14px;\">Voici un panel de mots qui sont souvent peu agr\u00e9ables \u00e0 lire ou \u00e0 \u00e9couter, \u00e0 reconna\u00eetre et pourtant\u2026<\/span><br \/><span style=\"font-size: 14px;\">sans doute sont-ils r\u00e9v\u00e9lateurs d\u2019un trouble qui s\u2019exprime, qui demande \u00e0 \u00eatre vu, entendu, \u00e9cout\u00e9, pris en compte et anobli.<\/span><\/p><p style=\"font-weight: 400;\"><span style=\"font-size: 14px;\">Il s\u2019agit d\u2019avancer sur le chemin de vos d\u00e9fis, d\u2019identifier et prendre soin de vos d\u00e9sirs, de vos valeurs, de vos objectifs, de vos possibles, au plus pr\u00e8s de vos besoins. Il s\u2019agit de poser un regard conscient \u00e0 ce qui demande \u00e0 \u00e9merger dans l\u2019instant pr\u00e9sent pour le soutenir, l\u2019encourager, lui permettre de s\u2019expandre, de se lib\u00e9rer, de s\u2019unifier. Il s\u2019agit de laisser l\u2019observateur en vous accueillir les zones de tensions afin de les conscientiser et de trouver un nouveau souffle, pourquoi pas un apaisement, un \u00e9quilibre.<\/span><\/p><p style=\"font-weight: 400;\"><span style=\"font-size: 14px;\">Je vous partage cette conviction profonde que nous d\u00e9tenons tous les ressources n\u00e9cessaires et la capacit\u00e9 \u00e0 les r\u00e9v\u00e9ler. En \u00e9veillant notre curiosit\u00e9, en devenant des explorateurs, des voyageurs, en go\u00fbtant \u00e0 l\u2019intimit\u00e9 de la conscience en \u00e9veil, nous lib\u00e9rons notre pouvoir cr\u00e9ateur et devenons les alchimistes de notre marmite sacr\u00e9e.<\/span><\/p><p style=\"font-weight: 400;\"><span style=\"font-size: 14px;\">Je suis certaine que prendre du temps pour s&#8217;occuper de notre humanit\u00e9 personnelle au c\u0153ur du Nous, est l&#8217;avenir de notre soci\u00e9t\u00e9 afin que chacun puisse trouver un \u00e9quilibre toujours en mouvement.<\/span><\/p><p style=\"font-weight: 400;\"><em><span style=\"font-size: 12px;\">* Th\u00e9rapeute transpersonnel\u00a0: initi\u00e9e dans les ann\u00e9es 1960 par\u00a0<strong>Abraham Maslow et Stanislav Grof,<\/strong> cette discipline place la dimension spirituelle au c\u0153ur de l\u2019humain. Elle int\u00e8gre le potentiel th\u00e9rapeutique des \u00e9tats modifi\u00e9s de conscience, pour une compl\u00e8te connaissance de soi.(D\u00e9finition extraite du magazine Psychologies)<\/span><\/em><\/p>\t\t\t\t\t\t<\/div>\n\t\t\t\t<\/div>\n\t\t\t\t\t<\/div>\n\t\t\t\t<\/div>\n\t\t\t\t<\/div>\n\t\t","protected":false},"excerpt":{"rendered":"<p>\u00ab\u202fLa folie c&#8217;est faire toujours la m\u00eame chose\u00a0et de s&#8217;attendre \u00e0 un r\u00e9sultat diff\u00e9rent\u202f\u00bb\u00a0 Comme le disait Einstein Oui, tu [&hellip;]<\/p>\n","protected":false},"author":1,"featured_media":0,"parent":0,"menu_order":0,"comment_status":"closed","ping_status":"closed","template":"","meta":{"site-sidebar-layout":"no-sidebar","site-content-layout":"","ast-site-content-layout":"full-width-container","site-content-style":"default","site-sidebar-style":"default","ast-global-header-display":"disabled","ast-banner-title-visibility":"","ast-main-header-display":"","ast-hfb-above-header-display":"","ast-hfb-below-header-display":"","ast-hfb-mobile-header-display":"","site-post-title":"disabled","ast-breadcrumbs-content":"","ast-featured-img":"disabled","footer-sml-layout":"disabled","theme-transparent-header-meta":"","adv-header-id-meta":"","stick-header-meta":"","header-above-stick-meta":"","header-main-stick-meta":"","header-below-stick-meta":"","astra-migrate-meta-layouts":"default","ast-page-background-enabled":"default","ast-page-background-meta":{"desktop":{"background-color":"var(--ast-global-color-4)","background-image":"","background-repeat":"repeat","background-position":"center center","background-size":"auto","background-attachment":"scroll","background-type":"","background-media":"","overlay-type":"","overlay-color":"","overlay-opacity":"","overlay-gradient":""},"tablet":{"background-color":"","background-image":"","background-repeat":"repeat","background-position":"center center","background-size":"auto","background-attachment":"scroll","background-type":"","background-media":"","overlay-type":"","overlay-color":"","overlay-opacity":"","overlay-gradient":""},"mobile":{"background-color":"","background-image":"","background-repeat":"repeat","background-position":"center center","background-size":"auto","background-attachment":"scroll","background-type":"","background-media":"","overlay-type":"","overlay-color":"","overlay-opacity":"","overlay-gradient":""}},"ast-content-background-meta":{"desktop":{"background-color":"var(--ast-global-color-5)","background-image":"","background-repeat":"repeat","background-position":"center center","background-size":"auto","background-attachment":"scroll","background-type":"","background-media":"","overlay-type":"","overlay-color":"","overlay-opacity":"","overlay-gradient":""},"tablet":{"background-color":"var(--ast-global-color-5)","background-image":"","background-repeat":"repeat","background-position":"center center","background-size":"auto","background-attachment":"scroll","background-type":"","background-media":"","overlay-type":"","overlay-color":"","overlay-opacity":"","overlay-gradient":""},"mobile":{"background-color":"var(--ast-global-color-5)","background-image":"","background-repeat":"repeat","background-position":"center center","background-size":"auto","background-attachment":"scroll","background-type":"","background-media":"","overlay-type":"","overlay-color":"","overlay-opacity":"","overlay-gradient":""}},"footnotes":""},"class_list":["post-2","page","type-page","status-publish","hentry"],"_links":{"self":[{"href":"https:\/\/oselesouffle.com\/index.php\/wp-json\/wp\/v2\/pages\/2","targetHints":{"allow":["GET"]}}],"collection":[{"href":"https:\/\/oselesouffle.com\/index.php\/wp-json\/wp\/v2\/pages"}],"about":[{"href":"https:\/\/oselesouffle.com\/index.php\/wp-json\/wp\/v2\/types\/page"}],"author":[{"embeddable":true,"href":"https:\/\/oselesouffle.com\/index.php\/wp-json\/wp\/v2\/users\/1"}],"replies":[{"embeddable":true,"href":"https:\/\/oselesouffle.com\/index.php\/wp-json\/wp\/v2\/comments?post=2"}],"version-history":[{"count":62,"href":"https:\/\/oselesouffle.com\/index.php\/wp-json\/wp\/v2\/pages\/2\/revisions"}],"predecessor-version":[{"id":387,"href":"https:\/\/oselesouffle.com\/index.php\/wp-json\/wp\/v2\/pages\/2\/revisions\/387"}],"wp:attachment":[{"href":"https:\/\/oselesouffle.com\/index.php\/wp-json\/wp\/v2\/media?parent=2"}],"curies":[{"name":"wp","href":"https:\/\/api.w.org\/{rel}","templated":true}]}}